{"id":11000,"date":"2020-06-09T19:08:59","date_gmt":"2020-06-09T23:08:59","guid":{"rendered":"https:\/\/pointestcharlesartschool.org\/?page_id=11000"},"modified":"2025-10-28T15:33:38","modified_gmt":"2025-10-28T19:33:38","slug":"engagement-dans-lart-communautaire","status":"publish","type":"page","link":"https:\/\/pointestcharlesartschool.org\/fr\/engagement-dans-lart-communautaire\/","title":{"rendered":"L&rsquo;art communautaire"},"content":{"rendered":"[vc_row][vc_column][vc_column_text]<span style=\"font-size: 14px;\">Notre programme d&rsquo;engagement artistique communautaire ressort de notre mission ax\u00e9e sur l\u2019accessibilit\u00e9 \u00e0 l\u2019art. Une \u00e9cole diversifi\u00e9e et inclusive est notre objectif; voil\u00e0 pourquoi nous avons d\u00e9velopp\u00e9 des opportunit\u00e9s d&rsquo;engagement artistique encourageant une forte participation. Nos ateliers offrent des places gratuites et \u00e0 \u00e9chelle variable ainsi que par contribution d\u2019une somme volontaire.\u00a0 Nos cours sans rendez-vous et celles a plus longue dur\u00e9e permettent aux gens d&rsquo;essayer une activit\u00e9 pour la premi\u00e8re fois ou de d\u00e9velopper un lien durable.<\/span><\/p>\n<p><span style=\"font-size: 14px;\">Voici quelques-uns des programmes communautaires que nous proposons.<\/span>[\/vc_column_text][\/vc_column][\/vc_row][vc_row][vc_column][vc_empty_space height=&nbsp;&raquo;17px&nbsp;&raquo;][\/vc_column][\/vc_row][vc_row][vc_column width=&nbsp;&raquo;1\/4&Prime;][vc_single_image image=&nbsp;&raquo;12319&Prime; img_size=&nbsp;&raquo;medium&nbsp;&raquo;][\/vc_column][vc_column width=&nbsp;&raquo;3\/4&Prime;][vc_column_text]\n<h2><span style=\"font-size: 24px; color: #333333;\"><strong>outdoor club d&rsquo;art\u00a0<\/strong><\/span><\/h2>\n<p><span style=\"font-size: 14px;\">Ce groupe se r\u00e9unit \u00e0 l&rsquo;ext\u00e9rieur tout au long de l&rsquo;automne et de l&rsquo;hiver pour faire des croquis, prendre des photos et prendre des notes qui guideront ensuite le travail \u00e0 la maison. Nous nous r\u00e9unirons \u00e0 diff\u00e9rents endroits \u00e0 Pointe-Saint-Charles et dans les environs. Il s&rsquo;agit d&rsquo;une pratique honor\u00e9e parmi les artistes qui bravent toutes sortes de conditions m\u00e9t\u00e9orologiques pour nous offrir des repr\u00e9sentations captivantes de la vie en plein air tout au long de l&rsquo;ann\u00e9e.<\/span><\/p>\n<p><span style=\"font-size: 14px;\"><strong>Les mercredis, de 12 h 30 \u00e0 13 h 30<\/strong><\/span><\/p>\n<div>Pour vous inscrire, envoyez un courriel \u00e0 <strong>info@pointestcharlesartschool.org<\/strong> et \/ ou rejoignez notre club d&rsquo;art en plein air sur Facebook.<\/div>\n<div><\/div>\n<div><\/div>\n<div><\/div>\n<div>Profitez de la vid\u00e9o de notre publication de croquis, dessins et peintures cr\u00e9\u00e9s par le outdoor club d&rsquo;art entre 2020-2023. Si vous souhaitez obtenir une copie, envoyez-nous un e-mail.<\/div>\n<div><\/div>\n<div><iframe loading=\"lazy\" title=\"YouTube video player\" src=\"https:\/\/www.youtube.com\/embed\/WBFqYDbi-ag?si=fvc6ZKHXPMVg8pl6\" width=\"560\" height=\"315\" frameborder=\"0\" allowfullscreen=\"allowfullscreen\"><\/iframe><\/div>\n[\/vc_column_text][\/vc_column][\/vc_row][vc_row][vc_column][vc_empty_space height=&nbsp;&raquo;17px&nbsp;&raquo;][\/vc_column][\/vc_row][vc_row][vc_column width=&nbsp;&raquo;1\/4&Prime;][vc_single_image image=&nbsp;&raquo;16193&Prime; img_size=&nbsp;&raquo;medium&nbsp;&raquo;][\/vc_column][vc_column width=&nbsp;&raquo;3\/4&Prime;][vc_column_text]\n<h2 class=\"p1\"><span class=\"s1\"><b>Programme de subvention<\/b><\/span><\/h2>\n<p>Nous disposons d\u2019un nombre limit\u00e9 de places subventionn\u00e9es pour ceux qui en ont besoin.<\/p>\n<p>Les subventions pour nos ateliers sont g\u00e9n\u00e9reusement fournies par <strong>B\u00e2timent 7.<\/strong>[\/vc_column_text][\/vc_column][\/vc_row][vc_row][vc_column][vc_column_text]\n<h3><span style=\"font-size: 18px;\"><span style=\"color: #0095da;\">Ces programmes ne seraient pas viables sans le soutien g\u00e9n\u00e9reux de nos donateurs et partenaires.\u00a0 Pour savoir comment vous pouvez nous aider, visitez notre page <\/span><\/span><span style=\"color: #ff0000;\"><a style=\"color: #ff0000;\" href=\"http:\/\/pointestcharlesartschool.org\/fr\/soutenir-lengagement-de-lart-communautaire\">Soutenir l&rsquo;engagement artistique de la communaut\u00e9<\/a><\/span>.<\/h3>\n[\/vc_column_text][\/vc_column][\/vc_row][vc_row][vc_column][vc_column_text]\n<p style=\"text-align: center;\"><span style=\"font-size: 16px;\">L&rsquo;\u00c9cole d&rsquo;art de Pointe-Saint-Charles est un organisme \u00e0 but non lucratif qui offre des cours et des ateliers d&rsquo;arts visuels<br \/>\n<\/span><span style=\"font-size: 16px;\">\u00e0 prix abordable pour les gens de tous les niveaux et de tous les horizons.<\/span><\/p>\n<p style=\"text-align: center;\"><a href=\"http:\/\/pointestcharlesartschool.org\/fr\/contact\/\">Contact<\/a> | <a href=\"http:\/\/pointestcharlesartschool.org\/community-art-engagement\/\" target=\"_blank\" rel=\"noopener noreferrer\"><strong>English<\/strong><\/a><\/p>\n[\/vc_column_text][\/vc_column][\/vc_row]\n","protected":false},"excerpt":{"rendered":"<p>[vc_row][vc_column][vc_column_text]Notre programme d&rsquo;engagement artistique communautaire ressort de notre mission ax\u00e9e sur l\u2019accessibilit\u00e9 \u00e0 l\u2019art. Une \u00e9cole diversifi\u00e9e et inclusive est notre objectif; voil\u00e0 pourquoi nous avons d\u00e9velopp\u00e9 des opportunit\u00e9s d&rsquo;engagement artistique encourageant une forte participation. Nos ateliers offrent des places&hellip;<\/p>\n","protected":false},"author":1,"featured_media":0,"parent":0,"menu_order":0,"comment_status":"closed","ping_status":"closed","template":"templates\/no-sidebar.php","meta":{"footnotes":""},"class_list":["post-11000","page","type-page","status-publish","hentry","entry","no-media"],"yoast_head":"<!-- This site is optimized with the Yoast SEO plugin v27.6 - https:\/\/yoast.com\/product\/yoast-seo-wordpress\/ -->\n<title>L&#039;art communautaire<\/title>\n<meta name=\"robots\" content=\"index, follow, max-snippet:-1, max-image-preview:large, max-video-preview:-1\" \/>\n<link rel=\"canonical\" href=\"https:\/\/pointestcharlesartschool.org\/fr\/engagement-dans-lart-communautaire\/\" \/>\n<meta property=\"og:locale\" content=\"fr_FR\" \/>\n<meta property=\"og:type\" content=\"article\" \/>\n<meta property=\"og:title\" content=\"L&#039;art communautaire\" \/>\n<meta property=\"og:description\" content=\"[vc_row][vc_column][vc_column_text]Notre programme d&rsquo;engagement artistique communautaire ressort de notre mission ax\u00e9e sur l\u2019accessibilit\u00e9 \u00e0 l\u2019art. Une \u00e9cole diversifi\u00e9e et inclusive est notre objectif; voil\u00e0 pourquoi nous avons d\u00e9velopp\u00e9 des opportunit\u00e9s d&rsquo;engagement artistique encourageant une forte participation. Nos ateliers offrent des places&hellip;\" \/>\n<meta property=\"og:url\" content=\"https:\/\/pointestcharlesartschool.org\/fr\/engagement-dans-lart-communautaire\/\" \/>\n<meta property=\"og:site_name\" content=\"\u00c9cole d&#039;art Pointe-Saint-Charles Art School\" \/>\n<meta property=\"article:publisher\" content=\"https:\/\/www.facebook.com\/ThePointeStCharlesArtSchool\" \/>\n<meta property=\"article:modified_time\" content=\"2025-10-28T19:33:38+00:00\" \/>\n<meta name=\"twitter:label1\" content=\"Dur\u00e9e de lecture estim\u00e9e\" \/>\n\t<meta name=\"twitter:data1\" content=\"2 minutes\" \/>\n<script type=\"application\/ld+json\" class=\"yoast-schema-graph\">{\"@context\":\"https:\\\/\\\/schema.org\",\"@graph\":[{\"@type\":\"WebPage\",\"@id\":\"https:\\\/\\\/pointestcharlesartschool.org\\\/fr\\\/engagement-dans-lart-communautaire\\\/\",\"url\":\"https:\\\/\\\/pointestcharlesartschool.org\\\/fr\\\/engagement-dans-lart-communautaire\\\/\",\"name\":\"L'art communautaire\",\"isPartOf\":{\"@id\":\"https:\\\/\\\/pointestcharlesartschool.org\\\/#website\"},\"datePublished\":\"2020-06-09T23:08:59+00:00\",\"dateModified\":\"2025-10-28T19:33:38+00:00\",\"breadcrumb\":{\"@id\":\"https:\\\/\\\/pointestcharlesartschool.org\\\/fr\\\/engagement-dans-lart-communautaire\\\/#breadcrumb\"},\"inLanguage\":\"fr-FR\",\"potentialAction\":[{\"@type\":\"ReadAction\",\"target\":[\"https:\\\/\\\/pointestcharlesartschool.org\\\/fr\\\/engagement-dans-lart-communautaire\\\/\"]}]},{\"@type\":\"BreadcrumbList\",\"@id\":\"https:\\\/\\\/pointestcharlesartschool.org\\\/fr\\\/engagement-dans-lart-communautaire\\\/#breadcrumb\",\"itemListElement\":[{\"@type\":\"ListItem\",\"position\":1,\"name\":\"Home\",\"item\":\"https:\\\/\\\/pointestcharlesartschool.org\\\/fr\\\/\"},{\"@type\":\"ListItem\",\"position\":2,\"name\":\"L&#8217;art communautaire\"}]},{\"@type\":\"WebSite\",\"@id\":\"https:\\\/\\\/pointestcharlesartschool.org\\\/#website\",\"url\":\"https:\\\/\\\/pointestcharlesartschool.org\\\/\",\"name\":\"\u00c9cole d&#039;art Pointe-Saint-Charles Art School\",\"description\":\"Art Classes and Courses in Drawing, Painting, Watercolour, sculpture and art workshops in Montreal.\",\"publisher\":{\"@id\":\"https:\\\/\\\/pointestcharlesartschool.org\\\/#organization\"},\"potentialAction\":[{\"@type\":\"SearchAction\",\"target\":{\"@type\":\"EntryPoint\",\"urlTemplate\":\"https:\\\/\\\/pointestcharlesartschool.org\\\/?s={search_term_string}\"},\"query-input\":{\"@type\":\"PropertyValueSpecification\",\"valueRequired\":true,\"valueName\":\"search_term_string\"}}],\"inLanguage\":\"fr-FR\"},{\"@type\":\"Organization\",\"@id\":\"https:\\\/\\\/pointestcharlesartschool.org\\\/#organization\",\"name\":\"\u00c9cole d&#039;art Pointe-Saint-Charles Art School\",\"url\":\"https:\\\/\\\/pointestcharlesartschool.org\\\/\",\"logo\":{\"@type\":\"ImageObject\",\"inLanguage\":\"fr-FR\",\"@id\":\"https:\\\/\\\/pointestcharlesartschool.org\\\/#\\\/schema\\\/logo\\\/image\\\/\",\"url\":\"https:\\\/\\\/pointestcharlesartschool.org\\\/wp-content\\\/uploads\\\/2014\\\/09\\\/artschool-horizontal100h.png\",\"contentUrl\":\"https:\\\/\\\/pointestcharlesartschool.org\\\/wp-content\\\/uploads\\\/2014\\\/09\\\/artschool-horizontal100h.png\",\"width\":257,\"height\":100,\"caption\":\"\u00c9cole d&#039;art Pointe-Saint-Charles Art School\"},\"image\":{\"@id\":\"https:\\\/\\\/pointestcharlesartschool.org\\\/#\\\/schema\\\/logo\\\/image\\\/\"},\"sameAs\":[\"https:\\\/\\\/www.facebook.com\\\/ThePointeStCharlesArtSchool\",\"https:\\\/\\\/www.instagram.com\\\/pointe.st.charles.artschool\\\/\"]}]}<\/script>\n<!-- \/ Yoast SEO plugin. -->","yoast_head_json":{"title":"L'art communautaire","robots":{"index":"index","follow":"follow","max-snippet":"max-snippet:-1","max-image-preview":"max-image-preview:large","max-video-preview":"max-video-preview:-1"},"canonical":"https:\/\/pointestcharlesartschool.org\/fr\/engagement-dans-lart-communautaire\/","og_locale":"fr_FR","og_type":"article","og_title":"L'art communautaire","og_description":"[vc_row][vc_column][vc_column_text]Notre programme d&rsquo;engagement artistique communautaire ressort de notre mission ax\u00e9e sur l\u2019accessibilit\u00e9 \u00e0 l\u2019art. Une \u00e9cole diversifi\u00e9e et inclusive est notre objectif; voil\u00e0 pourquoi nous avons d\u00e9velopp\u00e9 des opportunit\u00e9s d&rsquo;engagement artistique encourageant une forte participation. Nos ateliers offrent des places&hellip;","og_url":"https:\/\/pointestcharlesartschool.org\/fr\/engagement-dans-lart-communautaire\/","og_site_name":"\u00c9cole d&#039;art Pointe-Saint-Charles Art School","article_publisher":"https:\/\/www.facebook.com\/ThePointeStCharlesArtSchool","article_modified_time":"2025-10-28T19:33:38+00:00","twitter_misc":{"Dur\u00e9e de lecture estim\u00e9e":"2 minutes"},"schema":{"@context":"https:\/\/schema.org","@graph":[{"@type":"WebPage","@id":"https:\/\/pointestcharlesartschool.org\/fr\/engagement-dans-lart-communautaire\/","url":"https:\/\/pointestcharlesartschool.org\/fr\/engagement-dans-lart-communautaire\/","name":"L'art communautaire","isPartOf":{"@id":"https:\/\/pointestcharlesartschool.org\/#website"},"datePublished":"2020-06-09T23:08:59+00:00","dateModified":"2025-10-28T19:33:38+00:00","breadcrumb":{"@id":"https:\/\/pointestcharlesartschool.org\/fr\/engagement-dans-lart-communautaire\/#breadcrumb"},"inLanguage":"fr-FR","potentialAction":[{"@type":"ReadAction","target":["https:\/\/pointestcharlesartschool.org\/fr\/engagement-dans-lart-communautaire\/"]}]},{"@type":"BreadcrumbList","@id":"https:\/\/pointestcharlesartschool.org\/fr\/engagement-dans-lart-communautaire\/#breadcrumb","itemListElement":[{"@type":"ListItem","position":1,"name":"Home","item":"https:\/\/pointestcharlesartschool.org\/fr\/"},{"@type":"ListItem","position":2,"name":"L&#8217;art communautaire"}]},{"@type":"WebSite","@id":"https:\/\/pointestcharlesartschool.org\/#website","url":"https:\/\/pointestcharlesartschool.org\/","name":"\u00c9cole d&#039;art Pointe-Saint-Charles Art School","description":"Art Classes and Courses in Drawing, Painting, Watercolour, sculpture and art workshops in Montreal.","publisher":{"@id":"https:\/\/pointestcharlesartschool.org\/#organization"},"potentialAction":[{"@type":"SearchAction","target":{"@type":"EntryPoint","urlTemplate":"https:\/\/pointestcharlesartschool.org\/?s={search_term_string}"},"query-input":{"@type":"PropertyValueSpecification","valueRequired":true,"valueName":"search_term_string"}}],"inLanguage":"fr-FR"},{"@type":"Organization","@id":"https:\/\/pointestcharlesartschool.org\/#organization","name":"\u00c9cole d&#039;art Pointe-Saint-Charles Art School","url":"https:\/\/pointestcharlesartschool.org\/","logo":{"@type":"ImageObject","inLanguage":"fr-FR","@id":"https:\/\/pointestcharlesartschool.org\/#\/schema\/logo\/image\/","url":"https:\/\/pointestcharlesartschool.org\/wp-content\/uploads\/2014\/09\/artschool-horizontal100h.png","contentUrl":"https:\/\/pointestcharlesartschool.org\/wp-content\/uploads\/2014\/09\/artschool-horizontal100h.png","width":257,"height":100,"caption":"\u00c9cole d&#039;art Pointe-Saint-Charles Art School"},"image":{"@id":"https:\/\/pointestcharlesartschool.org\/#\/schema\/logo\/image\/"},"sameAs":["https:\/\/www.facebook.com\/ThePointeStCharlesArtSchool","https:\/\/www.instagram.com\/pointe.st.charles.artschool\/"]}]}},"_links":{"self":[{"href":"https:\/\/pointestcharlesartschool.org\/fr\/wp-json\/wp\/v2\/pages\/11000","targetHints":{"allow":["GET"]}}],"collection":[{"href":"https:\/\/pointestcharlesartschool.org\/fr\/wp-json\/wp\/v2\/pages"}],"about":[{"href":"https:\/\/pointestcharlesartschool.org\/fr\/wp-json\/wp\/v2\/types\/page"}],"author":[{"embeddable":true,"href":"https:\/\/pointestcharlesartschool.org\/fr\/wp-json\/wp\/v2\/users\/1"}],"replies":[{"embeddable":true,"href":"https:\/\/pointestcharlesartschool.org\/fr\/wp-json\/wp\/v2\/comments?post=11000"}],"version-history":[{"count":127,"href":"https:\/\/pointestcharlesartschool.org\/fr\/wp-json\/wp\/v2\/pages\/11000\/revisions"}],"predecessor-version":[{"id":16670,"href":"https:\/\/pointestcharlesartschool.org\/fr\/wp-json\/wp\/v2\/pages\/11000\/revisions\/16670"}],"wp:attachment":[{"href":"https:\/\/pointestcharlesartschool.org\/fr\/wp-json\/wp\/v2\/media?parent=11000"}],"curies":[{"name":"wp","href":"https:\/\/api.w.org\/{rel}","templated":true}]}}