{"id":11010,"date":"2020-06-10T10:50:07","date_gmt":"2020-06-10T14:50:07","guid":{"rendered":"https:\/\/pointestcharlesartschool.org\/?page_id=11010"},"modified":"2025-01-12T11:52:52","modified_gmt":"2025-01-12T16:52:52","slug":"soutenir-lengagement-de-lart-communautaire","status":"publish","type":"page","link":"https:\/\/pointestcharlesartschool.org\/fr\/soutenir-lengagement-de-lart-communautaire\/","title":{"rendered":"Soutenir l&rsquo;engagement de l&rsquo;art communautaire"},"content":{"rendered":"[vc_row][vc_column][vc_single_image image=&nbsp;&raquo;10715&Prime;][\/vc_column][\/vc_row][vc_row][vc_column][vc_column_text]<span style=\"font-size: 18px;\">Les b\u00e9n\u00e9voles et les donateurs rendent possible l&rsquo;acc\u00e8s \u00e0 l&rsquo;art.\u00a0 Vous comprenez le pouvoir de l&rsquo;art et vous voulez en faire profiter les autres. Vos dons contribuent \u00e0 cr\u00e9er des espaces pr\u00e9cieux dans nos salles de classe et soutiennent notre programme d&rsquo;engagement communautaire en faveur de l&rsquo;art.<\/span><\/p>\n<p><span style=\"font-size: 18px;\">L&rsquo;art nous rend heureux, nous inspire, nous aide \u00e0 s\u2019exprimer et \u00e0 se comprendre les uns et les autres, nous r\u00e9conforte et nous rend forts.\u00a0 L&rsquo;art embellit la vie et nous relie \u00e0 la terre.\u00a0 L&rsquo;art soulage le stress et peut ouvrir la voie \u00e0 la compr\u00e9hension et \u00e0 l&rsquo;acceptation de soi.\u00a0 Chacun m\u00e9rite d&rsquo;acc\u00e9der au pouvoir de l&rsquo;art.<\/span>[\/vc_column_text][\/vc_column][\/vc_row][vc_row][vc_column width=&nbsp;&raquo;1\/2&Prime;][vc_single_image image=&nbsp;&raquo;10713&Prime;][\/vc_column][vc_column width=&nbsp;&raquo;1\/2&Prime;][vc_column_text]\n<div><span style=\"font-size: 28px; font-family: georgia, palatino;\"><span style=\"font-size: 28px; font-family: georgia, palatino;\"><strong><span style=\"color: #0095da;\">L&rsquo;ensemble de la soci\u00e9t\u00e9 b\u00e9n\u00e9ficie du d\u00e9veloppement local de l&rsquo;art lorsqui&rsquo;il alimente une diversit\u00e9 de voix vivantes dans une identit\u00e9 culturelle globale o\u00f9 il peut influencer les id\u00e9es et l&rsquo;avenir.<\/span><\/strong><\/span><\/span><\/div>\n[\/vc_column_text][\/vc_column][\/vc_row][vc_row][vc_column width=&nbsp;&raquo;1\/2&Prime;][vc_column_text]<span style=\"font-size: 18px;\">Chaque \u00eatre humain tire profit de la cr\u00e9ation artistique.\u00a0 La prise de d\u00e9cision, les actions \u00e0 effectuer et les cons\u00e9quences visibles du processus cr\u00e9atif sont \u00e0 la fois un travail en dehors de soi et un travail sur soi.\u00a0 Les questions que se posent l\u2019artiste lors de l&rsquo;\u00e9laboration d&rsquo;une \u0153uvre d&rsquo;art font souvent \u00e9cho aux questions de la vie quotidienne, telles que : Qui suis-je ?\u00a0 Pourquoi est-ce que je ressens cela ?\u00a0 Qu&rsquo;est-ce que je veux ?\u00a0 Une \u0153uvre d&rsquo;art est un lieu d&rsquo;exploration et d&rsquo;expression de ces questions et offre \u00e0 la fois la capacit\u00e9 d\u2019y lib\u00e9rer et d\u2019y contenir son expression.\u00a0 L&rsquo;\u0153uvre artistique compl\u00e9t\u00e9e est un recueil non seulement des comp\u00e9tences techniques acquises et le sujet mieux compris, mais \u00e9galement l\u2019atteinte d\u2019un stade de d\u00e9veloppement personnel et de confiance. Les enseignants, les \u00e9tudiants et le personnel de l&rsquo;\u00e9cole d&rsquo;art de Pointe-Saint-Charles facilitent ce processus de mani\u00e8re collective, chacun apportant son point de vue unique \u00e0 l&rsquo;atelier pour le b\u00e9n\u00e9fice de tous.<\/span>[\/vc_column_text][\/vc_column][vc_column width=&nbsp;&raquo;1\/2&Prime;][vc_single_image image=&nbsp;&raquo;16193&Prime;][\/vc_column][\/vc_row][vc_row][vc_column][vc_column_text]\n<h2 id=\"Donnez-en-line\"><span style=\"color: #000000;\"><span style=\"font-family: georgia, palatino; font-size: 24px;\"><strong><span style=\"color: #0095da; font-family: arial, helvetica, sans-serif;\">DONNEZ\u00a0 <\/span><\/strong><span style=\"font-size: 18px;\">Vos dons cr\u00e9ent des places dans nos programmes<\/span><\/span><\/span><\/h2>\n<p><span style=\"font-size: 18px;\">Pour faire un don, veuillez envoyer un virement \u00e9lectronique \u00e0 info@pointestcharlesartschool.org ou envoyez un ch\u00e8que \u00e0 l&rsquo;ordre de<\/span> <span style=\"font-size: 18px;\">l&rsquo;\u00c9cole d&rsquo;art de Pointe-Saint-Charles et postez-le au 1900, rue Le Ber, Montr\u00e9al, QC H3K 2A4<\/span>[\/vc_column_text][\/vc_column][\/vc_row][vc_row][vc_column width=&nbsp;&raquo;1\/3&Prime;][vc_single_image image=&nbsp;&raquo;10854&Prime;][\/vc_column][vc_column width=&nbsp;&raquo;1\/3&Prime;][vc_column_text]<span style=\"font-size: 18px;\">Vous comprenez le pouvoir de l&rsquo;art et vous voulez que d&rsquo;autres en b\u00e9n\u00e9ficient. Vos dons nous permettent d&rsquo;offrir des places pr\u00e9cieuses dans nos classes et nos ateliers. Vous pouvez choisir de faire un don en fonction de votre int\u00e9r\u00eat pour l&rsquo;un de nos programmes et cela am\u00e9liorera notre capacit\u00e9 \u00e0 offrir plus de places dans notre programme de sensibilisation.<\/span>[\/vc_column_text][\/vc_column][vc_column width=&nbsp;&raquo;1\/3&Prime;][vc_single_image image=&nbsp;&raquo;14261&Prime;][\/vc_column][\/vc_row][vc_row][vc_column][vc_column_text]\n<h2><span style=\"color: #000000;\"><span style=\"font-family: georgia, palatino; font-size: 24px;\"><span style=\"font-size: 18px;\"><span style=\"color: #0095da;\"><strong><span style=\"font-size: 24px;\"><span style=\"font-family: arial, helvetica, sans-serif;\">NOS PARTENAIRES COMMUNAUTAIRES pass\u00e9s et pr\u00e9sents<\/span><\/span><\/strong><\/span><\/span><\/span><\/span><\/h2>\n[\/vc_column_text][\/vc_column][\/vc_row][vc_row][vc_column width=&nbsp;&raquo;1\/6&Prime;][vc_single_image image=&nbsp;&raquo;12512&Prime;][\/vc_column][vc_column width=&nbsp;&raquo;1\/6&Prime;][vc_single_image image=&nbsp;&raquo;12332&Prime;][\/vc_column][vc_column width=&nbsp;&raquo;1\/6&Prime;][vc_single_image image=&nbsp;&raquo;14856&Prime;][\/vc_column][vc_column width=&nbsp;&raquo;1\/6&Prime;][vc_single_image image=&nbsp;&raquo;10889&Prime;][\/vc_column][vc_column width=&nbsp;&raquo;1\/6&Prime;][vc_single_image image=&nbsp;&raquo;12509&Prime;][\/vc_column][vc_column width=&nbsp;&raquo;1\/6&Prime;][vc_single_image image=&nbsp;&raquo;10887&Prime;][\/vc_column][\/vc_row][vc_row][vc_column width=&nbsp;&raquo;1\/5&Prime;][vc_single_image image=&nbsp;&raquo;11872&Prime;][\/vc_column][vc_column width=&nbsp;&raquo;1\/5&Prime;][vc_single_image image=&nbsp;&raquo;10883&Prime; onclick=&nbsp;&raquo;custom_link&nbsp;&raquo; img_link_target=&nbsp;&raquo;_blank&nbsp;&raquo; link=&nbsp;&raquo;https:\/\/www.quebec.ca\/en\/&nbsp;&raquo;][\/vc_column][vc_column width=&nbsp;&raquo;1\/5&Prime;][vc_single_image image=&nbsp;&raquo;10885&Prime; onclick=&nbsp;&raquo;custom_link&nbsp;&raquo; img_link_target=&nbsp;&raquo;_blank&nbsp;&raquo; link=&nbsp;&raquo;https:\/\/montreal.ca\/&nbsp;&raquo;][\/vc_column][vc_column width=&nbsp;&raquo;1\/5&Prime;][vc_single_image image=&nbsp;&raquo;11402&Prime;][\/vc_column][vc_column width=&nbsp;&raquo;1\/5&Prime;][vc_single_image image=&nbsp;&raquo;12334&Prime;][\/vc_column][\/vc_row][vc_row][vc_column][vc_column_text]\n<hr \/>\n<p style=\"text-align: center;\"><span style=\"font-size: 16px;\">L\u2019<strong>\u00c9cole d\u2019art Pointe-Saint-Charles<\/strong> offre des cours d\u2019art de tous les niveaux \u00e0 des tarifs abordables. Les cours offerts s\u2019adressent \u00e0 tous, quelque soit l\u2019\u00e2ge ou le niveau d\u2019expertise. Nous sommes un organisme \u00e0 but non lucratif.<\/span><\/p>\n<p style=\"text-align: center;\"><a href=\"http:\/\/pointestcharlesartschool.org\/fr\/contact\/\">Contact<\/a> | <a href=\"http:\/\/pointestcharlesartschool.org\/support-community-art-engagement\/\" target=\"_blank\" rel=\"noopener noreferrer\"><strong>English<\/strong><\/a><\/p>\n[\/vc_column_text][\/vc_column][\/vc_row]\n","protected":false},"excerpt":{"rendered":"<p>[vc_row][vc_column][vc_single_image image=&nbsp;&raquo;10715&Prime;][\/vc_column][\/vc_row][vc_row][vc_column][vc_column_text]Les b\u00e9n\u00e9voles et les donateurs rendent possible l&rsquo;acc\u00e8s \u00e0 l&rsquo;art.\u00a0 Vous comprenez le pouvoir de l&rsquo;art et vous voulez en faire profiter les autres. Vos dons contribuent \u00e0 cr\u00e9er des espaces pr\u00e9cieux dans nos salles de classe et soutiennent&hellip;<\/p>\n","protected":false},"author":1,"featured_media":0,"parent":0,"menu_order":0,"comment_status":"closed","ping_status":"closed","template":"templates\/no-sidebar.php","meta":{"footnotes":""},"class_list":["post-11010","page","type-page","status-publish","hentry","entry","no-media"],"yoast_head":"<!-- This site is optimized with the Yoast SEO plugin v27.4 - https:\/\/yoast.com\/product\/yoast-seo-wordpress\/ -->\n<title>Soutenir l&#039;engagement de l&#039;art communautaire<\/title>\n<meta name=\"robots\" content=\"index, follow, max-snippet:-1, max-image-preview:large, max-video-preview:-1\" \/>\n<link rel=\"canonical\" href=\"https:\/\/pointestcharlesartschool.org\/fr\/soutenir-lengagement-de-lart-communautaire\/\" \/>\n<meta property=\"og:locale\" content=\"fr_FR\" \/>\n<meta property=\"og:type\" content=\"article\" \/>\n<meta property=\"og:title\" content=\"Soutenir l&#039;engagement de l&#039;art communautaire\" \/>\n<meta property=\"og:description\" content=\"[vc_row][vc_column][vc_single_image image=&nbsp;&raquo;10715&Prime;][\/vc_column][\/vc_row][vc_row][vc_column][vc_column_text]Les b\u00e9n\u00e9voles et les donateurs rendent possible l&rsquo;acc\u00e8s \u00e0 l&rsquo;art.\u00a0 Vous comprenez le pouvoir de l&rsquo;art et vous voulez en faire profiter les autres. Vos dons contribuent \u00e0 cr\u00e9er des espaces pr\u00e9cieux dans nos salles de classe et soutiennent&hellip;\" \/>\n<meta property=\"og:url\" content=\"https:\/\/pointestcharlesartschool.org\/fr\/soutenir-lengagement-de-lart-communautaire\/\" \/>\n<meta property=\"og:site_name\" content=\"\u00c9cole d&#039;art Pointe-Saint-Charles Art School\" \/>\n<meta property=\"article:publisher\" content=\"https:\/\/www.facebook.com\/ThePointeStCharlesArtSchool\" \/>\n<meta property=\"article:modified_time\" content=\"2025-01-12T16:52:52+00:00\" \/>\n<meta name=\"twitter:label1\" content=\"Dur\u00e9e de lecture estim\u00e9e\" \/>\n\t<meta name=\"twitter:data1\" content=\"6 minutes\" \/>\n<script type=\"application\/ld+json\" class=\"yoast-schema-graph\">{\"@context\":\"https:\\\/\\\/schema.org\",\"@graph\":[{\"@type\":\"WebPage\",\"@id\":\"https:\\\/\\\/pointestcharlesartschool.org\\\/fr\\\/soutenir-lengagement-de-lart-communautaire\\\/\",\"url\":\"https:\\\/\\\/pointestcharlesartschool.org\\\/fr\\\/soutenir-lengagement-de-lart-communautaire\\\/\",\"name\":\"Soutenir l'engagement de l'art communautaire\",\"isPartOf\":{\"@id\":\"https:\\\/\\\/pointestcharlesartschool.org\\\/#website\"},\"datePublished\":\"2020-06-10T14:50:07+00:00\",\"dateModified\":\"2025-01-12T16:52:52+00:00\",\"breadcrumb\":{\"@id\":\"https:\\\/\\\/pointestcharlesartschool.org\\\/fr\\\/soutenir-lengagement-de-lart-communautaire\\\/#breadcrumb\"},\"inLanguage\":\"fr-FR\",\"potentialAction\":[{\"@type\":\"ReadAction\",\"target\":[\"https:\\\/\\\/pointestcharlesartschool.org\\\/fr\\\/soutenir-lengagement-de-lart-communautaire\\\/\"]}]},{\"@type\":\"BreadcrumbList\",\"@id\":\"https:\\\/\\\/pointestcharlesartschool.org\\\/fr\\\/soutenir-lengagement-de-lart-communautaire\\\/#breadcrumb\",\"itemListElement\":[{\"@type\":\"ListItem\",\"position\":1,\"name\":\"Home\",\"item\":\"https:\\\/\\\/pointestcharlesartschool.org\\\/fr\\\/\"},{\"@type\":\"ListItem\",\"position\":2,\"name\":\"Soutenir l&rsquo;engagement de l&rsquo;art&hellip;\"}]},{\"@type\":\"WebSite\",\"@id\":\"https:\\\/\\\/pointestcharlesartschool.org\\\/#website\",\"url\":\"https:\\\/\\\/pointestcharlesartschool.org\\\/\",\"name\":\"\u00c9cole d&#039;art Pointe-Saint-Charles Art School\",\"description\":\"Art Classes and Courses in Drawing, Painting, Watercolour, sculpture and art workshops in Montreal.\",\"publisher\":{\"@id\":\"https:\\\/\\\/pointestcharlesartschool.org\\\/#organization\"},\"potentialAction\":[{\"@type\":\"SearchAction\",\"target\":{\"@type\":\"EntryPoint\",\"urlTemplate\":\"https:\\\/\\\/pointestcharlesartschool.org\\\/?s={search_term_string}\"},\"query-input\":{\"@type\":\"PropertyValueSpecification\",\"valueRequired\":true,\"valueName\":\"search_term_string\"}}],\"inLanguage\":\"fr-FR\"},{\"@type\":\"Organization\",\"@id\":\"https:\\\/\\\/pointestcharlesartschool.org\\\/#organization\",\"name\":\"\u00c9cole d&#039;art Pointe-Saint-Charles Art School\",\"url\":\"https:\\\/\\\/pointestcharlesartschool.org\\\/\",\"logo\":{\"@type\":\"ImageObject\",\"inLanguage\":\"fr-FR\",\"@id\":\"https:\\\/\\\/pointestcharlesartschool.org\\\/#\\\/schema\\\/logo\\\/image\\\/\",\"url\":\"https:\\\/\\\/pointestcharlesartschool.org\\\/wp-content\\\/uploads\\\/2014\\\/09\\\/artschool-horizontal100h.png\",\"contentUrl\":\"https:\\\/\\\/pointestcharlesartschool.org\\\/wp-content\\\/uploads\\\/2014\\\/09\\\/artschool-horizontal100h.png\",\"width\":257,\"height\":100,\"caption\":\"\u00c9cole d&#039;art Pointe-Saint-Charles Art School\"},\"image\":{\"@id\":\"https:\\\/\\\/pointestcharlesartschool.org\\\/#\\\/schema\\\/logo\\\/image\\\/\"},\"sameAs\":[\"https:\\\/\\\/www.facebook.com\\\/ThePointeStCharlesArtSchool\",\"https:\\\/\\\/www.instagram.com\\\/pointe.st.charles.artschool\\\/\"]}]}<\/script>\n<!-- \/ Yoast SEO plugin. -->","yoast_head_json":{"title":"Soutenir l'engagement de l'art communautaire","robots":{"index":"index","follow":"follow","max-snippet":"max-snippet:-1","max-image-preview":"max-image-preview:large","max-video-preview":"max-video-preview:-1"},"canonical":"https:\/\/pointestcharlesartschool.org\/fr\/soutenir-lengagement-de-lart-communautaire\/","og_locale":"fr_FR","og_type":"article","og_title":"Soutenir l'engagement de l'art communautaire","og_description":"[vc_row][vc_column][vc_single_image image=&nbsp;&raquo;10715&Prime;][\/vc_column][\/vc_row][vc_row][vc_column][vc_column_text]Les b\u00e9n\u00e9voles et les donateurs rendent possible l&rsquo;acc\u00e8s \u00e0 l&rsquo;art.\u00a0 Vous comprenez le pouvoir de l&rsquo;art et vous voulez en faire profiter les autres. Vos dons contribuent \u00e0 cr\u00e9er des espaces pr\u00e9cieux dans nos salles de classe et soutiennent&hellip;","og_url":"https:\/\/pointestcharlesartschool.org\/fr\/soutenir-lengagement-de-lart-communautaire\/","og_site_name":"\u00c9cole d&#039;art Pointe-Saint-Charles Art School","article_publisher":"https:\/\/www.facebook.com\/ThePointeStCharlesArtSchool","article_modified_time":"2025-01-12T16:52:52+00:00","twitter_misc":{"Dur\u00e9e de lecture estim\u00e9e":"6 minutes"},"schema":{"@context":"https:\/\/schema.org","@graph":[{"@type":"WebPage","@id":"https:\/\/pointestcharlesartschool.org\/fr\/soutenir-lengagement-de-lart-communautaire\/","url":"https:\/\/pointestcharlesartschool.org\/fr\/soutenir-lengagement-de-lart-communautaire\/","name":"Soutenir l'engagement de l'art communautaire","isPartOf":{"@id":"https:\/\/pointestcharlesartschool.org\/#website"},"datePublished":"2020-06-10T14:50:07+00:00","dateModified":"2025-01-12T16:52:52+00:00","breadcrumb":{"@id":"https:\/\/pointestcharlesartschool.org\/fr\/soutenir-lengagement-de-lart-communautaire\/#breadcrumb"},"inLanguage":"fr-FR","potentialAction":[{"@type":"ReadAction","target":["https:\/\/pointestcharlesartschool.org\/fr\/soutenir-lengagement-de-lart-communautaire\/"]}]},{"@type":"BreadcrumbList","@id":"https:\/\/pointestcharlesartschool.org\/fr\/soutenir-lengagement-de-lart-communautaire\/#breadcrumb","itemListElement":[{"@type":"ListItem","position":1,"name":"Home","item":"https:\/\/pointestcharlesartschool.org\/fr\/"},{"@type":"ListItem","position":2,"name":"Soutenir l&rsquo;engagement de l&rsquo;art&hellip;"}]},{"@type":"WebSite","@id":"https:\/\/pointestcharlesartschool.org\/#website","url":"https:\/\/pointestcharlesartschool.org\/","name":"\u00c9cole d&#039;art Pointe-Saint-Charles Art School","description":"Art Classes and Courses in Drawing, Painting, Watercolour, sculpture and art workshops in Montreal.","publisher":{"@id":"https:\/\/pointestcharlesartschool.org\/#organization"},"potentialAction":[{"@type":"SearchAction","target":{"@type":"EntryPoint","urlTemplate":"https:\/\/pointestcharlesartschool.org\/?s={search_term_string}"},"query-input":{"@type":"PropertyValueSpecification","valueRequired":true,"valueName":"search_term_string"}}],"inLanguage":"fr-FR"},{"@type":"Organization","@id":"https:\/\/pointestcharlesartschool.org\/#organization","name":"\u00c9cole d&#039;art Pointe-Saint-Charles Art School","url":"https:\/\/pointestcharlesartschool.org\/","logo":{"@type":"ImageObject","inLanguage":"fr-FR","@id":"https:\/\/pointestcharlesartschool.org\/#\/schema\/logo\/image\/","url":"https:\/\/pointestcharlesartschool.org\/wp-content\/uploads\/2014\/09\/artschool-horizontal100h.png","contentUrl":"https:\/\/pointestcharlesartschool.org\/wp-content\/uploads\/2014\/09\/artschool-horizontal100h.png","width":257,"height":100,"caption":"\u00c9cole d&#039;art Pointe-Saint-Charles Art School"},"image":{"@id":"https:\/\/pointestcharlesartschool.org\/#\/schema\/logo\/image\/"},"sameAs":["https:\/\/www.facebook.com\/ThePointeStCharlesArtSchool","https:\/\/www.instagram.com\/pointe.st.charles.artschool\/"]}]}},"_links":{"self":[{"href":"https:\/\/pointestcharlesartschool.org\/fr\/wp-json\/wp\/v2\/pages\/11010","targetHints":{"allow":["GET"]}}],"collection":[{"href":"https:\/\/pointestcharlesartschool.org\/fr\/wp-json\/wp\/v2\/pages"}],"about":[{"href":"https:\/\/pointestcharlesartschool.org\/fr\/wp-json\/wp\/v2\/types\/page"}],"author":[{"embeddable":true,"href":"https:\/\/pointestcharlesartschool.org\/fr\/wp-json\/wp\/v2\/users\/1"}],"replies":[{"embeddable":true,"href":"https:\/\/pointestcharlesartschool.org\/fr\/wp-json\/wp\/v2\/comments?post=11010"}],"version-history":[{"count":44,"href":"https:\/\/pointestcharlesartschool.org\/fr\/wp-json\/wp\/v2\/pages\/11010\/revisions"}],"predecessor-version":[{"id":11013,"href":"https:\/\/pointestcharlesartschool.org\/fr\/wp-json\/wp\/v2\/pages\/11010\/revisions\/11013"}],"wp:attachment":[{"href":"https:\/\/pointestcharlesartschool.org\/fr\/wp-json\/wp\/v2\/media?parent=11010"}],"curies":[{"name":"wp","href":"https:\/\/api.w.org\/{rel}","templated":true}]}}