{"id":1302,"date":"2014-12-10T11:43:05","date_gmt":"2014-12-10T16:43:05","guid":{"rendered":"https:\/\/pointestcharlesartschool.org\/?page_id=1302"},"modified":"2025-10-28T15:35:55","modified_gmt":"2025-10-28T19:35:55","slug":"apropos-2","status":"publish","type":"page","link":"https:\/\/pointestcharlesartschool.org\/fr\/apropos-2\/","title":{"rendered":"\u00c0 propos"},"content":{"rendered":"[vc_row][vc_column][vc_row_inner][vc_column_inner][vc_video link=&nbsp;&raquo;https:\/\/youtu.be\/9CR37uuH0hM&nbsp;&raquo; align=&nbsp;&raquo;center&nbsp;&raquo;][\/vc_column_inner][\/vc_row_inner][\/vc_column][\/vc_row][vc_row][vc_column width=&nbsp;&raquo;1\/2&Prime;][vc_column_text]<span style=\"font-size: 16px; font-family: Arial, Helvetica, sans-serif;\"><em>Dans les p\u2019tits pots, les bons onguents!<\/em> Nous sommes une petite \u00e9cole avec de grandes aspirations\u00a0soit de rendre l\u2019art accessible \u00e0 tous. L&rsquo;art n&rsquo;est pas une formule magique pour initi\u00e9s, ni une pratique d&rsquo;\u00e9lite. <\/span><span style=\"font-size: 16px; font-family: Arial, Helvetica, sans-serif;\">Quiconque souhaitant peindre, dessiner, sculpter ou faire des estampes est le bienvenu. <\/span><span style=\"font-size: 16px; font-family: Arial, Helvetica, sans-serif;\">Nos professeurs n&rsquo;enseignent pas seulement la technique propres \u00e0 chaque m\u00e9dium, mais ils guident \u00e9galement les \u00e9l\u00e8ves dans la d\u00e9couverte de leur propre \u00e9lan cr\u00e9ateur.<\/span><\/p>\n<p><span style=\"font-size: 16px; font-family: Arial, Helvetica, sans-serif;\"><span class=\"Hyperlink3\" style=\"font-family: arial, helvetica, sans-serif;\"><span lang=\"FR\">Notre histoire d\u00e9bute en 2015 sur la rue Hibernia, dans le quartier calme et convivial de Pointe-Saint-Charles, avec trois professeurs et une poign\u00e9e d&rsquo;\u00e9l\u00e8ves. Notre programme pour enfants a \u00e9t\u00e9 lanc\u00e9 l&rsquo;ann\u00e9e suivante, car il est de notre avis que chaque enfant a besoin de cette exp\u00e9rience essentielle. Peu \u00e0 peu, des soir\u00e9es de cin\u00e9ma, des expositions et des soupers &nbsp;&raquo; pot luck &nbsp;&raquo; se sont ajout\u00e9 \u00e0 notre programme, ouvrant l\u2019espace accueillant de L\u2019\u00c9cole d\u2019art Pointe-Saint-Charles de\u00a0Montr\u00e9al \u00e0 tous nos amis et voisins &#8211; et au reste de Montr\u00e9al.<\/span><\/span><\/span>[\/vc_column_text][\/vc_column][vc_column width=&nbsp;&raquo;1\/2&Prime;][vc_single_image image=&nbsp;&raquo;10783&Prime;][\/vc_column][\/vc_row][vc_row][vc_column][vc_column_text]\n<p class=\"Body\"><span style=\"font-family: arial, helvetica, sans-serif; font-size: 16px;\"><span class=\"Hyperlink3\"><span lang=\"FR\">Sans la contribution inestimable et d\u00e9vou\u00e9e de nos enseignants et de nos b\u00e9n\u00e9voles, ainsi que de nos organismes parrains gr\u00e2ce auxquels il a \u00e9t\u00e9 possible d&rsquo;offrir des activit\u00e9s gratuites, l&rsquo;\u00c9cole d&rsquo;art de Pointe-Saint-Charles n&rsquo;aurait jamais pu exister.<\/span><\/span><b><\/b><\/span><\/p>\n<p class=\"Body\"><span style=\"font-family: arial, helvetica, sans-serif; font-size: 16px;\"><span class=\"Hyperlink3\"><span lang=\"FR\">Nous avons ouvert nos portes il y a dix ans \u00e0 la Pointe, et nous sommes tr\u00e8s heureux d&rsquo;\u00eatre maintenant ici, au B\u00e2timent 7, dans le cadre d&rsquo;une organisation communautaire dynamique qui nous offre davantage de possibilit\u00e9s de r\u00e9aliser nos objectifs caritatifs et de participer \u00e0 cette nouvelle entreprise audacieuse. Forts de notre succ\u00e8s jusqu&rsquo;\u00e0 pr\u00e9sent, nous voulons maintenant nous lancer dans des projets plus ambitieux, tels que des programmes d&rsquo;art-th\u00e9rapie gratuits et des cours d&rsquo;art subventionn\u00e9s pour adultes et enfants.<\/span><\/span><b><\/b><\/span><\/p>\n<p class=\"Body\"><span style=\"font-family: arial, helvetica, sans-serif; font-size: 16px;\"><span class=\"Hyperlink3\"><span lang=\"FR\">L&rsquo;art, la culture et les bienfaits sociaux, \u00e9motionnels et psychologiques qu&rsquo;ils procurent doivent \u00eatre accessibles et donc abordables et\/ou gratuits pour tous les membres de la communaut\u00e9.<\/span><\/span><b><\/b><\/span><\/p>\n<p class=\"Body\"><span class=\"Hyperlink3\" style=\"font-family: arial, helvetica, sans-serif; font-size: 16px;\"><span lang=\"FR\">Passez nous voir, inscrivez-vous \u00e0 un cours, participez \u00e0 un \u00e9v\u00e9nement. Nos portes sont ouvertes&#8230;<\/span><\/span><\/p>\n[\/vc_column_text][\/vc_column][\/vc_row][vc_row][vc_column width=&nbsp;&raquo;1\/2&Prime;][vc_column_text]\n<p class=\"Body\"><span class=\"Hyperlink3\" style=\"font-family: arial, helvetica, sans-serif; font-size: 16px;\"><span lang=\"FR\">Sur la communaut\u00e9 : Nich\u00e9e dans le sud-ouest de Montr\u00e9al, Pointe-Saint-Charles, surnomm\u00e9e La Pointe par les habitants, est l&rsquo;un des quartiers les plus pauvres de Montr\u00e9al sur le plan \u00e9conomique. Bien connu pour la solidarit\u00e9 de ses habitants, il est cependant l&rsquo;un des quartiers les plus riches en termes de vie communautaire. De plus, le canal de Lachine, qui longe sa fronti\u00e8re, a r\u00e9cemment \u00e9t\u00e9 revitalis\u00e9 en tant que zone r\u00e9cr\u00e9ative et patrimoniale. Abritant \u00e0 l&rsquo;origine des francophones et des anglophones, Pointe-Saint-Charles s&rsquo;est enrichi plus r\u00e9cemment de la diversit\u00e9 de ses communaut\u00e9s culturelles et de l&rsquo;arriv\u00e9e r\u00e9cente de jeunes montr\u00e9alais (\u00e9tudiants et jeunes professionnels).<\/span><\/span><b><\/b><\/p>\n[\/vc_column_text][\/vc_column][vc_column width=&nbsp;&raquo;1\/2&Prime;][vc_single_image image=&nbsp;&raquo;7767&Prime;][\/vc_column][\/vc_row][vc_row][vc_column][vc_column_text]\n<h1><strong><span style=\"font-size: 21px; color: #808080;\">LES FONDATEURS<\/span><\/strong><\/h1>\n<h1><\/h1>\n[\/vc_column_text][\/vc_column][\/vc_row][vc_row][vc_column][vc_row_inner][vc_column_inner width=&nbsp;&raquo;1\/3&Prime;][vc_single_image image=&nbsp;&raquo;11269&Prime;][vc_column_text]<a href=\"http:\/\/pointestcharlesartschool.org\/fr\/nos-instructeurs\/\"><span style=\"font-size: 18px;\"><strong>Barry MacPherson<\/strong><\/span><\/a>[\/vc_column_text][\/vc_column_inner][vc_column_inner width=&nbsp;&raquo;1\/3&Prime;][vc_single_image image=&nbsp;&raquo;9474&Prime;][vc_column_text]<a href=\"http:\/\/pointestcharlesartschool.org\/fr\/nos-instructeurs\/\"><span style=\"font-size: 18px;\"><strong>Catherine Wells<\/strong><\/span><\/a>[\/vc_column_text][\/vc_column_inner][vc_column_inner width=&nbsp;&raquo;1\/3&Prime;][vc_single_image image=&nbsp;&raquo;9232&Prime;][vc_column_text]<a href=\"http:\/\/pointestcharlesartschool.org\/fr\/nos-instructeurs\/\"><span style=\"font-size: 18px;\"><strong>Louise Drouin<\/strong><\/span><\/a>[\/vc_column_text][\/vc_column_inner][\/vc_row_inner][\/vc_column][\/vc_row][vc_row][vc_column][vc_column_text]\n<h1><strong><span style=\"font-size: 21px; color: #808080;\">CONSEIL<\/span><\/strong><\/h1>\n<p><span style=\"font-size: 18px;\"><strong>Mathieu Murphy-Perron <span style=\"font-size: 18px; color: #3798d4;\"><em>Pr\u00e9sident<\/em><\/span><\/strong><\/span><\/p>\n<p><span style=\"font-size: 18px;\"><strong>Christopher Lackey <span style=\"font-size: 18px; color: #3798d4;\"><em>Tr\u00e9sorier<\/em><\/span><\/strong><\/span><\/p>\n<p><span style=\"font-size: 18px;\"><strong>Catherine Wells \u00a0<\/strong><\/span><\/p>\n<p><span style=\"font-size: 18px;\"><strong>Louise Drouin<\/strong><\/span><\/p>\n<p><span style=\"font-size: 18px;\"><strong>Deborah Harris<\/strong><\/span><\/p>\n<p><span style=\"font-size: 18px;\"><strong>Bonnie Meisels-Ghetler<\/strong><\/span><\/p>\n<p>&nbsp;<\/p>\n<p><span style=\"font-size: 18px;\"><strong><span style=\"font-size: 21px; color: #808080;\">B\u00c9N\u00c9VOLES<\/span> \u00a0 \u00a0<\/strong><\/span><\/p>\n<p><span style=\"font-size: 18px;\"><strong>Catherine Wells\u00a0 \u00a0 \u00a0 <span style=\"font-size: 18px; color: #3798d4;\"><em>Directrice<\/em><\/span><\/strong><\/span><\/p>\n<p><span style=\"font-size: 18px;\"><strong>Nadia K\u00fchn\u00a0 \u00a0 \u00a0 \u00a0 \u00a0 \u00a0 \u00a0<span style=\"font-size: 18px; color: #3798d4;\"><em>Administration et Coordination de programmes<\/em><\/span><\/strong><\/span><\/p>\n<p><span style=\"font-size: 18px;\"><strong>Joanne Arsenault\u00a0 \u00a0<span style=\"font-size: 18px; color: #3798d4;\"><em>Traductrice<\/em><\/span><\/strong><\/span><\/p>\n<p><span style=\"font-size: 18px;\"><strong>Sebastien Duguay\u00a0 <span style=\"font-size: 18px; color: #3798d4;\"><em>Consultant TI<\/em><\/span><\/strong><\/span><\/p>\n[\/vc_column_text][\/vc_column][\/vc_row][vc_row][vc_column][vc_column_text]<span style=\"font-family: arial, helvetica, sans-serif; font-size: 16px;\">L&rsquo;\u00e9cole d&rsquo;art de Pointe-Saint-Charles est une \u00e9cole d&rsquo;art communautaire de Montr\u00e9al o\u00f9 les \u00e9tudiants de tous niveaux et de tous horizons peuvent acqu\u00e9rir les comp\u00e9tences n\u00e9cessaires pour s&rsquo;exprimer par l&rsquo;art dans le monde contemporain. Notre mod\u00e8le est bas\u00e9 sur le concept de l\u2019\u00e9cole d\u2019art de quartier.<\/span>[\/vc_column_text][\/vc_column][\/vc_row][vc_row][vc_column][vc_column_text]\n<hr \/>\n<p style=\"text-align: center;\"><span style=\"font-size: 16px;\">L\u2019<strong>\u00c9cole d\u2019art Pointe-Saint-Charles<\/strong> offre des cours d\u2019art de tous les niveaux \u00e0 des tarifs abordables. Les cours offerts s\u2019adressent \u00e0 tous, quelque soit l\u2019\u00e2ge ou le niveau d\u2019expertise. Nous sommes un organisme de bienfaisance enregistr\u00e9 et \u00e0 but non lucratif.<\/span><\/p>\n<p style=\"text-align: center;\"><a href=\"http:\/\/pointestcharlesartschool.org\/fr\/contact\/\">Contact<\/a> | <a href=\"http:\/\/pointestcharlesartschool.org\/about-2\/\"><strong>English<\/strong><\/a><\/p>\n[\/vc_column_text][\/vc_column][\/vc_row][vc_column][vc_column_text]\n[\/vc_column_text][\/vc_column]\n","protected":false},"excerpt":{"rendered":"<p>[vc_row][vc_column][vc_row_inner][vc_column_inner][vc_video link=&nbsp;&raquo;https:\/\/youtu.be\/9CR37uuH0hM&nbsp;&raquo; align=&nbsp;&raquo;center&nbsp;&raquo;][\/vc_column_inner][\/vc_row_inner][\/vc_column][\/vc_row][vc_row][vc_column width=&nbsp;&raquo;1\/2&Prime;][vc_column_text]Dans les p\u2019tits pots, les bons onguents! Nous sommes une petite \u00e9cole avec de grandes aspirations\u00a0soit de rendre l\u2019art accessible \u00e0 tous. L&rsquo;art n&rsquo;est pas une formule magique pour initi\u00e9s, ni une pratique d&rsquo;\u00e9lite. Quiconque souhaitant peindre,&hellip;<\/p>\n","protected":false},"author":1,"featured_media":0,"parent":0,"menu_order":2,"comment_status":"closed","ping_status":"closed","template":"","meta":{"footnotes":""},"class_list":["post-1302","page","type-page","status-publish","hentry","entry","no-media"],"yoast_head":"<!-- This site is optimized with the Yoast SEO plugin v27.4 - https:\/\/yoast.com\/product\/yoast-seo-wordpress\/ -->\n<title>\u00c0 propos<\/title>\n<meta name=\"robots\" content=\"index, follow, max-snippet:-1, max-image-preview:large, max-video-preview:-1\" \/>\n<link rel=\"canonical\" href=\"https:\/\/pointestcharlesartschool.org\/fr\/apropos-2\/\" \/>\n<meta property=\"og:locale\" content=\"fr_FR\" \/>\n<meta property=\"og:type\" content=\"article\" \/>\n<meta property=\"og:title\" content=\"\u00c0 propos\" \/>\n<meta property=\"og:description\" content=\"[vc_row][vc_column][vc_row_inner][vc_column_inner][vc_video link=&nbsp;&raquo;https:\/\/youtu.be\/9CR37uuH0hM&nbsp;&raquo; align=&nbsp;&raquo;center&nbsp;&raquo;][\/vc_column_inner][\/vc_row_inner][\/vc_column][\/vc_row][vc_row][vc_column width=&nbsp;&raquo;1\/2&Prime;][vc_column_text]Dans les p\u2019tits pots, les bons onguents! Nous sommes une petite \u00e9cole avec de grandes aspirations\u00a0soit de rendre l\u2019art accessible \u00e0 tous. L&rsquo;art n&rsquo;est pas une formule magique pour initi\u00e9s, ni une pratique d&rsquo;\u00e9lite. Quiconque souhaitant peindre,&hellip;\" \/>\n<meta property=\"og:url\" content=\"https:\/\/pointestcharlesartschool.org\/fr\/apropos-2\/\" \/>\n<meta property=\"og:site_name\" content=\"\u00c9cole d&#039;art Pointe-Saint-Charles Art School\" \/>\n<meta property=\"article:publisher\" content=\"https:\/\/www.facebook.com\/ThePointeStCharlesArtSchool\" \/>\n<meta property=\"article:modified_time\" content=\"2025-10-28T19:35:55+00:00\" \/>\n<meta name=\"twitter:label1\" content=\"Dur\u00e9e de lecture estim\u00e9e\" \/>\n\t<meta name=\"twitter:data1\" content=\"3 minutes\" \/>\n<script type=\"application\/ld+json\" class=\"yoast-schema-graph\">{\"@context\":\"https:\\\/\\\/schema.org\",\"@graph\":[{\"@type\":\"WebPage\",\"@id\":\"https:\\\/\\\/pointestcharlesartschool.org\\\/fr\\\/apropos-2\\\/\",\"url\":\"https:\\\/\\\/pointestcharlesartschool.org\\\/fr\\\/apropos-2\\\/\",\"name\":\"\u00c0 propos\",\"isPartOf\":{\"@id\":\"https:\\\/\\\/pointestcharlesartschool.org\\\/#website\"},\"datePublished\":\"2014-12-10T16:43:05+00:00\",\"dateModified\":\"2025-10-28T19:35:55+00:00\",\"breadcrumb\":{\"@id\":\"https:\\\/\\\/pointestcharlesartschool.org\\\/fr\\\/apropos-2\\\/#breadcrumb\"},\"inLanguage\":\"fr-FR\",\"potentialAction\":[{\"@type\":\"ReadAction\",\"target\":[\"https:\\\/\\\/pointestcharlesartschool.org\\\/fr\\\/apropos-2\\\/\"]}]},{\"@type\":\"BreadcrumbList\",\"@id\":\"https:\\\/\\\/pointestcharlesartschool.org\\\/fr\\\/apropos-2\\\/#breadcrumb\",\"itemListElement\":[{\"@type\":\"ListItem\",\"position\":1,\"name\":\"Home\",\"item\":\"https:\\\/\\\/pointestcharlesartschool.org\\\/fr\\\/\"},{\"@type\":\"ListItem\",\"position\":2,\"name\":\"\u00c0 propos\"}]},{\"@type\":\"WebSite\",\"@id\":\"https:\\\/\\\/pointestcharlesartschool.org\\\/#website\",\"url\":\"https:\\\/\\\/pointestcharlesartschool.org\\\/\",\"name\":\"\u00c9cole d&#039;art Pointe-Saint-Charles Art School\",\"description\":\"Art Classes and Courses in Drawing, Painting, Watercolour, sculpture and art workshops in Montreal.\",\"publisher\":{\"@id\":\"https:\\\/\\\/pointestcharlesartschool.org\\\/#organization\"},\"potentialAction\":[{\"@type\":\"SearchAction\",\"target\":{\"@type\":\"EntryPoint\",\"urlTemplate\":\"https:\\\/\\\/pointestcharlesartschool.org\\\/?s={search_term_string}\"},\"query-input\":{\"@type\":\"PropertyValueSpecification\",\"valueRequired\":true,\"valueName\":\"search_term_string\"}}],\"inLanguage\":\"fr-FR\"},{\"@type\":\"Organization\",\"@id\":\"https:\\\/\\\/pointestcharlesartschool.org\\\/#organization\",\"name\":\"\u00c9cole d&#039;art Pointe-Saint-Charles Art School\",\"url\":\"https:\\\/\\\/pointestcharlesartschool.org\\\/\",\"logo\":{\"@type\":\"ImageObject\",\"inLanguage\":\"fr-FR\",\"@id\":\"https:\\\/\\\/pointestcharlesartschool.org\\\/#\\\/schema\\\/logo\\\/image\\\/\",\"url\":\"https:\\\/\\\/pointestcharlesartschool.org\\\/wp-content\\\/uploads\\\/2014\\\/09\\\/artschool-horizontal100h.png\",\"contentUrl\":\"https:\\\/\\\/pointestcharlesartschool.org\\\/wp-content\\\/uploads\\\/2014\\\/09\\\/artschool-horizontal100h.png\",\"width\":257,\"height\":100,\"caption\":\"\u00c9cole d&#039;art Pointe-Saint-Charles Art School\"},\"image\":{\"@id\":\"https:\\\/\\\/pointestcharlesartschool.org\\\/#\\\/schema\\\/logo\\\/image\\\/\"},\"sameAs\":[\"https:\\\/\\\/www.facebook.com\\\/ThePointeStCharlesArtSchool\",\"https:\\\/\\\/www.instagram.com\\\/pointe.st.charles.artschool\\\/\"]}]}<\/script>\n<!-- \/ Yoast SEO plugin. -->","yoast_head_json":{"title":"\u00c0 propos","robots":{"index":"index","follow":"follow","max-snippet":"max-snippet:-1","max-image-preview":"max-image-preview:large","max-video-preview":"max-video-preview:-1"},"canonical":"https:\/\/pointestcharlesartschool.org\/fr\/apropos-2\/","og_locale":"fr_FR","og_type":"article","og_title":"\u00c0 propos","og_description":"[vc_row][vc_column][vc_row_inner][vc_column_inner][vc_video link=&nbsp;&raquo;https:\/\/youtu.be\/9CR37uuH0hM&nbsp;&raquo; align=&nbsp;&raquo;center&nbsp;&raquo;][\/vc_column_inner][\/vc_row_inner][\/vc_column][\/vc_row][vc_row][vc_column width=&nbsp;&raquo;1\/2&Prime;][vc_column_text]Dans les p\u2019tits pots, les bons onguents! Nous sommes une petite \u00e9cole avec de grandes aspirations\u00a0soit de rendre l\u2019art accessible \u00e0 tous. L&rsquo;art n&rsquo;est pas une formule magique pour initi\u00e9s, ni une pratique d&rsquo;\u00e9lite. Quiconque souhaitant peindre,&hellip;","og_url":"https:\/\/pointestcharlesartschool.org\/fr\/apropos-2\/","og_site_name":"\u00c9cole d&#039;art Pointe-Saint-Charles Art School","article_publisher":"https:\/\/www.facebook.com\/ThePointeStCharlesArtSchool","article_modified_time":"2025-10-28T19:35:55+00:00","twitter_misc":{"Dur\u00e9e de lecture estim\u00e9e":"3 minutes"},"schema":{"@context":"https:\/\/schema.org","@graph":[{"@type":"WebPage","@id":"https:\/\/pointestcharlesartschool.org\/fr\/apropos-2\/","url":"https:\/\/pointestcharlesartschool.org\/fr\/apropos-2\/","name":"\u00c0 propos","isPartOf":{"@id":"https:\/\/pointestcharlesartschool.org\/#website"},"datePublished":"2014-12-10T16:43:05+00:00","dateModified":"2025-10-28T19:35:55+00:00","breadcrumb":{"@id":"https:\/\/pointestcharlesartschool.org\/fr\/apropos-2\/#breadcrumb"},"inLanguage":"fr-FR","potentialAction":[{"@type":"ReadAction","target":["https:\/\/pointestcharlesartschool.org\/fr\/apropos-2\/"]}]},{"@type":"BreadcrumbList","@id":"https:\/\/pointestcharlesartschool.org\/fr\/apropos-2\/#breadcrumb","itemListElement":[{"@type":"ListItem","position":1,"name":"Home","item":"https:\/\/pointestcharlesartschool.org\/fr\/"},{"@type":"ListItem","position":2,"name":"\u00c0 propos"}]},{"@type":"WebSite","@id":"https:\/\/pointestcharlesartschool.org\/#website","url":"https:\/\/pointestcharlesartschool.org\/","name":"\u00c9cole d&#039;art Pointe-Saint-Charles Art School","description":"Art Classes and Courses in Drawing, Painting, Watercolour, sculpture and art workshops in Montreal.","publisher":{"@id":"https:\/\/pointestcharlesartschool.org\/#organization"},"potentialAction":[{"@type":"SearchAction","target":{"@type":"EntryPoint","urlTemplate":"https:\/\/pointestcharlesartschool.org\/?s={search_term_string}"},"query-input":{"@type":"PropertyValueSpecification","valueRequired":true,"valueName":"search_term_string"}}],"inLanguage":"fr-FR"},{"@type":"Organization","@id":"https:\/\/pointestcharlesartschool.org\/#organization","name":"\u00c9cole d&#039;art Pointe-Saint-Charles Art School","url":"https:\/\/pointestcharlesartschool.org\/","logo":{"@type":"ImageObject","inLanguage":"fr-FR","@id":"https:\/\/pointestcharlesartschool.org\/#\/schema\/logo\/image\/","url":"https:\/\/pointestcharlesartschool.org\/wp-content\/uploads\/2014\/09\/artschool-horizontal100h.png","contentUrl":"https:\/\/pointestcharlesartschool.org\/wp-content\/uploads\/2014\/09\/artschool-horizontal100h.png","width":257,"height":100,"caption":"\u00c9cole d&#039;art Pointe-Saint-Charles Art School"},"image":{"@id":"https:\/\/pointestcharlesartschool.org\/#\/schema\/logo\/image\/"},"sameAs":["https:\/\/www.facebook.com\/ThePointeStCharlesArtSchool","https:\/\/www.instagram.com\/pointe.st.charles.artschool\/"]}]}},"_links":{"self":[{"href":"https:\/\/pointestcharlesartschool.org\/fr\/wp-json\/wp\/v2\/pages\/1302","targetHints":{"allow":["GET"]}}],"collection":[{"href":"https:\/\/pointestcharlesartschool.org\/fr\/wp-json\/wp\/v2\/pages"}],"about":[{"href":"https:\/\/pointestcharlesartschool.org\/fr\/wp-json\/wp\/v2\/types\/page"}],"author":[{"embeddable":true,"href":"https:\/\/pointestcharlesartschool.org\/fr\/wp-json\/wp\/v2\/users\/1"}],"replies":[{"embeddable":true,"href":"https:\/\/pointestcharlesartschool.org\/fr\/wp-json\/wp\/v2\/comments?post=1302"}],"version-history":[{"count":25,"href":"https:\/\/pointestcharlesartschool.org\/fr\/wp-json\/wp\/v2\/pages\/1302\/revisions"}],"predecessor-version":[{"id":16672,"href":"https:\/\/pointestcharlesartschool.org\/fr\/wp-json\/wp\/v2\/pages\/1302\/revisions\/16672"}],"wp:attachment":[{"href":"https:\/\/pointestcharlesartschool.org\/fr\/wp-json\/wp\/v2\/media?parent=1302"}],"curies":[{"name":"wp","href":"https:\/\/api.w.org\/{rel}","templated":true}]}}