{"id":1309,"date":"2014-12-10T11:52:44","date_gmt":"2014-12-10T16:52:44","guid":{"rendered":"https:\/\/pointestcharlesartschool.org\/?page_id=1309"},"modified":"2025-11-10T08:49:41","modified_gmt":"2025-11-10T13:49:41","slug":"cours","status":"publish","type":"page","link":"https:\/\/pointestcharlesartschool.org\/fr\/cours\/","title":{"rendered":"Les cours"},"content":{"rendered":"[vc_row][vc_column][vc_column_text]\n<h2>\u00c9cole des Beaux-Arts<\/h2>\n<p>L\u2019<strong>\u00c9cole d\u2019art Pointe-Saint-Charles<\/strong> est un organisme \u00e0 but non lucratif qui offre des cours d\u2019art \u00e0 des tarifs abordables \u00e0 la communaut\u00e9 du Sud-Ouest ainsi qu&rsquo;\u00e0 celle du Grand Montr\u00e9al. Les cours offerts s\u2019adressent \u00e0 tous, quelque soit l\u2019\u00e2ge ou le niveau d\u2019expertise.[\/vc_column_text][\/vc_column][\/vc_row][vc_row][vc_column width=&nbsp;&raquo;2\/3&Prime;][vc_single_image image=&nbsp;&raquo;10289&Prime;][\/vc_column][vc_column width=&nbsp;&raquo;1\/3&Prime;][vc_column_text]\n<h3><a href=\"http:\/\/pointestcharlesartschool.org\/fr\/cours\/studio\/\">Cours en studio<\/a><\/h3>\n<h3><a href=\"http:\/\/pointestcharlesartschool.org\/fr\/engagement-dans-lart-communautaire\/\">L&rsquo;art communautaire<\/a><\/h3>\n<h3><a href=\"http:\/\/pointestcharlesartschool.org\/fr\/cours\/cours-pour-enfants\/\">Cours pour enfants et ados<\/a><\/h3>\n<h3><\/h3>\n<h3><\/h3>\n[\/vc_column_text][\/vc_column][\/vc_row][vc_row][vc_column][vc_column_text]\n<h2 class=\"p1\"><span class=\"s1\"><b>Politique d&rsquo;inscription<\/b><\/span><\/h2>\n<ul>\n<li class=\"p1\"><span class=\"s1\">Veuillez vous inscrire et payer pour un cours via notre site web, par t\u00e9l\u00e9phone ou en personne.<\/span><\/li>\n<li class=\"p1\"><span class=\"s1\">Lors de votre inscription, vous recevrez un courriel de confirmation avec le formulaire d&rsquo;inscription \u00e0 apporter lors de votre premier cours.<\/span><\/li>\n<li class=\"p1\"><span class=\"s1\">Si votre cours commence le week-end, veuillez vous inscrire avant midi le vendredi, sauf indication contraire dans la description du cours.<span class=\"Apple-converted-space\">\u00a0<\/span><\/span><\/li>\n<li class=\"p1\"><span class=\"s1\">Pour les cours en cours, vous pouvez vous inscrire et commencer \u00e0 n&rsquo;importe quel moment. Nous vous demandons de suivre vos 8 cours dans un d\u00e9lai de 10 semaines.<\/span><\/li>\n<li class=\"p1\"><span class=\"s1\">Si vous ne pouvez pas assister \u00e0 un cours, veuillez nous en informer \u00e0 l&rsquo;avance. Dans le cas contraire, le cours sera comptabilis\u00e9 comme l&rsquo;un de vos 8 cours.<\/span><\/li>\n<\/ul>\n<h2 class=\"p1\"><span class=\"s1\"><b>Politique d&rsquo;annulation et de remboursement<\/b><\/span><\/h2>\n<ul>\n<li class=\"p1\"><span class=\"s1\">Pour les cours : Si vous annulez jusqu&rsquo;\u00e0 24 heures avant le d\u00e9but du cours, nous vous facturerons 20 $ de frais d&rsquo;annulation.<span class=\"Apple-converted-space\">\u00a0<\/span><\/span><\/li>\n<li class=\"p1\"><span class=\"s1\">Apr\u00e8s la premi\u00e8re le\u00e7on, vous recevrez un remboursement complet des frais de cours, moins 20 $ de frais d&rsquo;administration et le co\u00fbt d&rsquo;une le\u00e7on.<\/span><\/li>\n<li class=\"p1\"><span class=\"s1\">Apr\u00e8s la deuxi\u00e8me le\u00e7on, il n&rsquo;y aura pas de remboursement.<\/span><\/li>\n<li>Pour les ateliers d&rsquo;une journ\u00e9e : Si vous annulez jusqu&rsquo;\u00e0 24 heures avant le d\u00e9but de l&rsquo;atelier, nous vous facturerons des frais d&rsquo;annulation de 10 $.<br \/>\nApr\u00e8s cela, il n&rsquo;y aura pas de remboursement.<em><br \/>\n<\/em><\/li>\n<li class=\"p1\"><span class=\"s1\">L&rsquo;\u00c9cole d&rsquo;art de Pointe-Saint-Charles se r\u00e9serve le droit d&rsquo;annuler un cours si le nombre d&rsquo;\u00e9tudiants inscrits est insuffisant. Le montant total sera rembours\u00e9.<\/span><\/li>\n<\/ul>\n<h2 class=\"p1\"><span class=\"s1\">Commentaires \u00e0 l&rsquo;\u00c9cole d&rsquo;Art Pointe-Saint-Charles<\/span><\/h2>\n<p>Si vous \u00eates un \u00e9tudiant et que vous souhaitez nous faire part de vos commentaires, veuillez remplir le formulaire: <a href=\"https:\/\/forms.gle\/KQmRtfFKmrEPahfW9\" target=\"_blank\" rel=\"noopener\"><b>Formulaire d\u2019\u00e9valuation des cours<\/b><\/a><\/p>\n<h2 class=\"p1\"><span class=\"s1\">L&rsquo;\u00e9quit\u00e9 \u00e0 l&rsquo;\u00c9cole d&rsquo;Art Pointe-Saint-Charles<\/span><\/h2>\n<p class=\"p1\"><span class=\"s1\">Nous nous effor\u00e7ons de prendre des d\u00e9cisions au sein de l&rsquo;\u00c9cole d&rsquo;art de Pointe-Saint-Charles dans une <strong><a href=\"http:\/\/pointestcharlesartschool.org\/wp-content\/uploads\/2023\/04\/Quest-ce-quune-optique-dequite.pdf\" target=\"_blank\" rel=\"noopener\">optique d&rsquo;\u00e9quit\u00e9<\/a><\/strong>. Si vous souhaitez discuter d&rsquo;un probl\u00e8me li\u00e9 \u00e0 l&rsquo;\u00e9quit\u00e9, veuillez \u00e9crire un courriel \u00e0 admin@pointestcharlesartschool.org et nous ferons de notre mieux pour trouver une solution.<\/span><\/p>\n[\/vc_column_text][\/vc_column][\/vc_row][vc_row][vc_column][vc_column_text]\n<p style=\"text-align: center;\"><span style=\"font-size: 16px;\">L&rsquo;\u00c9cole d&rsquo;art de Pointe-Saint-Charles est un organisme \u00e0 but non lucratif qui offre des cours et des ateliers d&rsquo;arts visuels<br \/>\n<\/span><span style=\"font-size: 16px;\">\u00e0 prix abordable pour les gens de tous les niveaux et de tous les horizons.<\/span><\/p>\n<p>&nbsp;<\/p>\n<p style=\"text-align: center;\"><a href=\"http:\/\/pointestcharlesartschool.org\/fr\/contact\/\">Contact<\/a> | <a href=\"http:\/\/pointestcharlesartschool.org\/classes\/\" target=\"_blank\" rel=\"noopener noreferrer\"><strong>English<\/strong><\/a><\/p>\n[\/vc_column_text][\/vc_column][\/vc_row][vc_column][vc_column_text]\n[\/vc_column_text][\/vc_column]\n","protected":false},"excerpt":{"rendered":"<p>[vc_row][vc_column][vc_column_text] \u00c9cole des Beaux-Arts L\u2019\u00c9cole d\u2019art Pointe-Saint-Charles est un organisme \u00e0 but non lucratif qui offre des cours d\u2019art \u00e0 des tarifs abordables \u00e0 la communaut\u00e9 du Sud-Ouest ainsi qu&rsquo;\u00e0 celle du Grand Montr\u00e9al. Les cours offerts s\u2019adressent \u00e0 tous,&hellip;<\/p>\n","protected":false},"author":1,"featured_media":0,"parent":0,"menu_order":6,"comment_status":"closed","ping_status":"closed","template":"","meta":{"footnotes":""},"class_list":["post-1309","page","type-page","status-publish","hentry","entry","no-media"],"yoast_head":"<!-- This site is optimized with the Yoast SEO plugin v27.6 - https:\/\/yoast.com\/product\/yoast-seo-wordpress\/ -->\n<title>Les cours<\/title>\n<meta name=\"robots\" content=\"index, follow, max-snippet:-1, max-image-preview:large, max-video-preview:-1\" \/>\n<link rel=\"canonical\" href=\"https:\/\/pointestcharlesartschool.org\/fr\/cours\/\" \/>\n<meta property=\"og:locale\" content=\"fr_FR\" \/>\n<meta property=\"og:type\" content=\"article\" \/>\n<meta property=\"og:title\" content=\"Les cours\" \/>\n<meta property=\"og:description\" content=\"[vc_row][vc_column][vc_column_text] \u00c9cole des Beaux-Arts L\u2019\u00c9cole d\u2019art Pointe-Saint-Charles est un organisme \u00e0 but non lucratif qui offre des cours d\u2019art \u00e0 des tarifs abordables \u00e0 la communaut\u00e9 du Sud-Ouest ainsi qu&rsquo;\u00e0 celle du Grand Montr\u00e9al. Les cours offerts s\u2019adressent \u00e0 tous,&hellip;\" \/>\n<meta property=\"og:url\" content=\"https:\/\/pointestcharlesartschool.org\/fr\/cours\/\" \/>\n<meta property=\"og:site_name\" content=\"\u00c9cole d&#039;art Pointe-Saint-Charles Art School\" \/>\n<meta property=\"article:publisher\" content=\"https:\/\/www.facebook.com\/ThePointeStCharlesArtSchool\" \/>\n<meta property=\"article:modified_time\" content=\"2025-11-10T13:49:41+00:00\" \/>\n<meta name=\"twitter:label1\" content=\"Dur\u00e9e de lecture estim\u00e9e\" \/>\n\t<meta name=\"twitter:data1\" content=\"3 minutes\" \/>\n<script type=\"application\/ld+json\" class=\"yoast-schema-graph\">{\"@context\":\"https:\\\/\\\/schema.org\",\"@graph\":[{\"@type\":\"WebPage\",\"@id\":\"https:\\\/\\\/pointestcharlesartschool.org\\\/fr\\\/cours\\\/\",\"url\":\"https:\\\/\\\/pointestcharlesartschool.org\\\/fr\\\/cours\\\/\",\"name\":\"Les cours\",\"isPartOf\":{\"@id\":\"https:\\\/\\\/pointestcharlesartschool.org\\\/#website\"},\"datePublished\":\"2014-12-10T16:52:44+00:00\",\"dateModified\":\"2025-11-10T13:49:41+00:00\",\"breadcrumb\":{\"@id\":\"https:\\\/\\\/pointestcharlesartschool.org\\\/fr\\\/cours\\\/#breadcrumb\"},\"inLanguage\":\"fr-FR\",\"potentialAction\":[{\"@type\":\"ReadAction\",\"target\":[\"https:\\\/\\\/pointestcharlesartschool.org\\\/fr\\\/cours\\\/\"]}]},{\"@type\":\"BreadcrumbList\",\"@id\":\"https:\\\/\\\/pointestcharlesartschool.org\\\/fr\\\/cours\\\/#breadcrumb\",\"itemListElement\":[{\"@type\":\"ListItem\",\"position\":1,\"name\":\"Home\",\"item\":\"https:\\\/\\\/pointestcharlesartschool.org\\\/fr\\\/\"},{\"@type\":\"ListItem\",\"position\":2,\"name\":\"Les cours\"}]},{\"@type\":\"WebSite\",\"@id\":\"https:\\\/\\\/pointestcharlesartschool.org\\\/#website\",\"url\":\"https:\\\/\\\/pointestcharlesartschool.org\\\/\",\"name\":\"\u00c9cole d&#039;art Pointe-Saint-Charles Art School\",\"description\":\"Art Classes and Courses in Drawing, Painting, Watercolour, sculpture and art workshops in Montreal.\",\"publisher\":{\"@id\":\"https:\\\/\\\/pointestcharlesartschool.org\\\/#organization\"},\"potentialAction\":[{\"@type\":\"SearchAction\",\"target\":{\"@type\":\"EntryPoint\",\"urlTemplate\":\"https:\\\/\\\/pointestcharlesartschool.org\\\/?s={search_term_string}\"},\"query-input\":{\"@type\":\"PropertyValueSpecification\",\"valueRequired\":true,\"valueName\":\"search_term_string\"}}],\"inLanguage\":\"fr-FR\"},{\"@type\":\"Organization\",\"@id\":\"https:\\\/\\\/pointestcharlesartschool.org\\\/#organization\",\"name\":\"\u00c9cole d&#039;art Pointe-Saint-Charles Art School\",\"url\":\"https:\\\/\\\/pointestcharlesartschool.org\\\/\",\"logo\":{\"@type\":\"ImageObject\",\"inLanguage\":\"fr-FR\",\"@id\":\"https:\\\/\\\/pointestcharlesartschool.org\\\/#\\\/schema\\\/logo\\\/image\\\/\",\"url\":\"https:\\\/\\\/pointestcharlesartschool.org\\\/wp-content\\\/uploads\\\/2014\\\/09\\\/artschool-horizontal100h.png\",\"contentUrl\":\"https:\\\/\\\/pointestcharlesartschool.org\\\/wp-content\\\/uploads\\\/2014\\\/09\\\/artschool-horizontal100h.png\",\"width\":257,\"height\":100,\"caption\":\"\u00c9cole d&#039;art Pointe-Saint-Charles Art School\"},\"image\":{\"@id\":\"https:\\\/\\\/pointestcharlesartschool.org\\\/#\\\/schema\\\/logo\\\/image\\\/\"},\"sameAs\":[\"https:\\\/\\\/www.facebook.com\\\/ThePointeStCharlesArtSchool\",\"https:\\\/\\\/www.instagram.com\\\/pointe.st.charles.artschool\\\/\"]}]}<\/script>\n<!-- \/ Yoast SEO plugin. -->","yoast_head_json":{"title":"Les cours","robots":{"index":"index","follow":"follow","max-snippet":"max-snippet:-1","max-image-preview":"max-image-preview:large","max-video-preview":"max-video-preview:-1"},"canonical":"https:\/\/pointestcharlesartschool.org\/fr\/cours\/","og_locale":"fr_FR","og_type":"article","og_title":"Les cours","og_description":"[vc_row][vc_column][vc_column_text] \u00c9cole des Beaux-Arts L\u2019\u00c9cole d\u2019art Pointe-Saint-Charles est un organisme \u00e0 but non lucratif qui offre des cours d\u2019art \u00e0 des tarifs abordables \u00e0 la communaut\u00e9 du Sud-Ouest ainsi qu&rsquo;\u00e0 celle du Grand Montr\u00e9al. Les cours offerts s\u2019adressent \u00e0 tous,&hellip;","og_url":"https:\/\/pointestcharlesartschool.org\/fr\/cours\/","og_site_name":"\u00c9cole d&#039;art Pointe-Saint-Charles Art School","article_publisher":"https:\/\/www.facebook.com\/ThePointeStCharlesArtSchool","article_modified_time":"2025-11-10T13:49:41+00:00","twitter_misc":{"Dur\u00e9e de lecture estim\u00e9e":"3 minutes"},"schema":{"@context":"https:\/\/schema.org","@graph":[{"@type":"WebPage","@id":"https:\/\/pointestcharlesartschool.org\/fr\/cours\/","url":"https:\/\/pointestcharlesartschool.org\/fr\/cours\/","name":"Les cours","isPartOf":{"@id":"https:\/\/pointestcharlesartschool.org\/#website"},"datePublished":"2014-12-10T16:52:44+00:00","dateModified":"2025-11-10T13:49:41+00:00","breadcrumb":{"@id":"https:\/\/pointestcharlesartschool.org\/fr\/cours\/#breadcrumb"},"inLanguage":"fr-FR","potentialAction":[{"@type":"ReadAction","target":["https:\/\/pointestcharlesartschool.org\/fr\/cours\/"]}]},{"@type":"BreadcrumbList","@id":"https:\/\/pointestcharlesartschool.org\/fr\/cours\/#breadcrumb","itemListElement":[{"@type":"ListItem","position":1,"name":"Home","item":"https:\/\/pointestcharlesartschool.org\/fr\/"},{"@type":"ListItem","position":2,"name":"Les cours"}]},{"@type":"WebSite","@id":"https:\/\/pointestcharlesartschool.org\/#website","url":"https:\/\/pointestcharlesartschool.org\/","name":"\u00c9cole d&#039;art Pointe-Saint-Charles Art School","description":"Art Classes and Courses in Drawing, Painting, Watercolour, sculpture and art workshops in Montreal.","publisher":{"@id":"https:\/\/pointestcharlesartschool.org\/#organization"},"potentialAction":[{"@type":"SearchAction","target":{"@type":"EntryPoint","urlTemplate":"https:\/\/pointestcharlesartschool.org\/?s={search_term_string}"},"query-input":{"@type":"PropertyValueSpecification","valueRequired":true,"valueName":"search_term_string"}}],"inLanguage":"fr-FR"},{"@type":"Organization","@id":"https:\/\/pointestcharlesartschool.org\/#organization","name":"\u00c9cole d&#039;art Pointe-Saint-Charles Art School","url":"https:\/\/pointestcharlesartschool.org\/","logo":{"@type":"ImageObject","inLanguage":"fr-FR","@id":"https:\/\/pointestcharlesartschool.org\/#\/schema\/logo\/image\/","url":"https:\/\/pointestcharlesartschool.org\/wp-content\/uploads\/2014\/09\/artschool-horizontal100h.png","contentUrl":"https:\/\/pointestcharlesartschool.org\/wp-content\/uploads\/2014\/09\/artschool-horizontal100h.png","width":257,"height":100,"caption":"\u00c9cole d&#039;art Pointe-Saint-Charles Art School"},"image":{"@id":"https:\/\/pointestcharlesartschool.org\/#\/schema\/logo\/image\/"},"sameAs":["https:\/\/www.facebook.com\/ThePointeStCharlesArtSchool","https:\/\/www.instagram.com\/pointe.st.charles.artschool\/"]}]}},"_links":{"self":[{"href":"https:\/\/pointestcharlesartschool.org\/fr\/wp-json\/wp\/v2\/pages\/1309","targetHints":{"allow":["GET"]}}],"collection":[{"href":"https:\/\/pointestcharlesartschool.org\/fr\/wp-json\/wp\/v2\/pages"}],"about":[{"href":"https:\/\/pointestcharlesartschool.org\/fr\/wp-json\/wp\/v2\/types\/page"}],"author":[{"embeddable":true,"href":"https:\/\/pointestcharlesartschool.org\/fr\/wp-json\/wp\/v2\/users\/1"}],"replies":[{"embeddable":true,"href":"https:\/\/pointestcharlesartschool.org\/fr\/wp-json\/wp\/v2\/comments?post=1309"}],"version-history":[{"count":34,"href":"https:\/\/pointestcharlesartschool.org\/fr\/wp-json\/wp\/v2\/pages\/1309\/revisions"}],"predecessor-version":[{"id":16688,"href":"https:\/\/pointestcharlesartschool.org\/fr\/wp-json\/wp\/v2\/pages\/1309\/revisions\/16688"}],"wp:attachment":[{"href":"https:\/\/pointestcharlesartschool.org\/fr\/wp-json\/wp\/v2\/media?parent=1309"}],"curies":[{"name":"wp","href":"https:\/\/api.w.org\/{rel}","templated":true}]}}