{"id":1320,"date":"2014-08-21T18:35:17","date_gmt":"2014-08-21T18:35:17","guid":{"rendered":"https:\/\/pointestcharlesartschool.org\/?page_id=1320"},"modified":"2023-09-28T14:37:11","modified_gmt":"2023-09-28T18:37:11","slug":"contact","status":"publish","type":"page","link":"https:\/\/pointestcharlesartschool.org\/fr\/contact\/","title":{"rendered":"Contact"},"content":{"rendered":"[vc_row][vc_column][\/vc_column][\/vc_row][vc_row][vc_column width=&nbsp;&raquo;1\/2&Prime;][vc_column_text]\n<h3>\u00c9cole d&rsquo;art Pointe-Saint-Charles<\/h3>\n<p>1900, Rue Le Ber, Montr\u00e9al\u00a0(Qu\u00e9bec) Canada \u00a0H3K 2A4<\/p>\n<p class=\"p1\"><span style=\"font-size: 14px;\"><span class=\"s1\">M\u00e9tro Charlevoix \/ <\/span><span class=\"s1\">Arr\u00eats d&rsquo;autobus \u00e0 proximit\u00e9 : 57, 61, 71, 101, 107<\/span><\/span><\/p>\n<p>T\u00e9l\u00e9phone : 514 935-7107 \/ Courriel : info@pointestcharlesartschool.org[\/vc_column_text][\/vc_column][vc_column width=&nbsp;&raquo;1\/2&Prime;][vc_column_text][\/vc_column_text][\/vc_column][\/vc_row][vc_row][vc_column][\/vc_column][\/vc_row][vc_row tablet_fullwidth_cols=&nbsp;&raquo;yes&nbsp;&raquo; center_row=&nbsp;&raquo;yes&nbsp;&raquo; border_color=&nbsp;&raquo;#000000&Prime; border_width=&nbsp;&raquo;1&Prime; bg_style=&nbsp;&raquo;stretch&nbsp;&raquo; no_margins=&nbsp;&raquo;true&nbsp;&raquo; min_height=&nbsp;&raquo;200&Prime;][vc_column offset=&nbsp;&raquo;vc_hidden-sm vc_hidden-xs&nbsp;&raquo;][vc_gmaps link=&nbsp;&raquo;#E-8_JTNDaWZyYW1lJTIwc3JjJTNEJTIyaHR0cHMlM0ElMkYlMkZ3d3cuZ29vZ2xlLmNvbSUyRm1hcHMlMkZlbWJlZCUzRnBiJTNEJTIxMW0xOCUyMTFtMTIlMjExbTMlMjExZDI3OTcuNDU2MzgyOTgzOTM1JTIxMmQtNzMuNTU1MjY2Njg0OTk5MSUyMTNkNDUuNDgwNzUzNjc5MTAxMTElMjEybTMlMjExZjAlMjEyZjAlMjEzZjAlMjEzbTIlMjExaTEwMjQlMjEyaTc2OCUyMTRmMTMuMSUyMTNtMyUyMTFtMiUyMTFzMHg0Y2M5MWE4NGMwYzQ2OGU3JTI1M0EweDIzYTBiYTFkMTk2MGUwZjAlMjEyczE5MDAlMkJSdWUlMkJsZSUyQkJlciUyNTJDJTJCTW9udHIlMjVDMyUyNUE5YWwlMjUyQyUyQlFDJTJCSDNLJTJCMkE0JTIxNWUwJTIxM20yJTIxMXNmciUyMTJzY2ElMjE0djE1MjI3NzE3MDM2MTglMjIlMjB3aWR0aCUzRCUyMjYwMCUyMiUyMGhlaWdodCUzRCUyMjQ1MCUyMiUyMGZyYW1lYm9yZGVyJTNEJTIyMCUyMiUyMHN0eWxlJTNEJTIyYm9yZGVyJTNBMCUyMiUyMGFsbG93ZnVsbHNjcmVlbiUzRSUzQyUyRmlmcmFtZSUzRQ==&nbsp;&raquo; size=&nbsp;&raquo;300&Prime;][\/vc_column][\/vc_row][vc_row][vc_column][vc_column_text]\n<hr \/>\n<p style=\"text-align: center;\"><span style=\"font-size: 16px;\">L\u2019<strong>\u00c9cole d\u2019art Pointe-Saint-Charles<\/strong> offre des cours d\u2019art de tous les niveaux \u00e0 des tarifs abordables. Les cours offerts s\u2019adressent \u00e0 tous, quelque soit l\u2019\u00e2ge ou le niveau d\u2019expertise. Nous sommes un organisme de bienfaisance enregistr\u00e9 et \u00e0 but non lucratif.<\/span><\/p>\n<p style=\"text-align: center;\"><a href=\"http:\/\/ecoledartpointestcharles.ca\/contact\/\">Contact<\/a> | <strong><a href=\"http:\/\/pointestcharlesartschool.org\/contact\/\">English<\/a><\/strong><\/p>\n[\/vc_column_text][\/vc_column][\/vc_row]\n","protected":false},"excerpt":{"rendered":"<p>[vc_row][vc_column][\/vc_column][\/vc_row][vc_row][vc_column width=&nbsp;&raquo;1\/2&Prime;][vc_column_text] \u00c9cole d&rsquo;art Pointe-Saint-Charles 1900, Rue Le Ber, Montr\u00e9al\u00a0(Qu\u00e9bec) Canada \u00a0H3K 2A4 M\u00e9tro Charlevoix \/ Arr\u00eats d&rsquo;autobus \u00e0 proximit\u00e9 : 57, 61, 71, 101, 107 T\u00e9l\u00e9phone : 514 935-7107 \/ Courriel : info@pointestcharlesartschool.org[\/vc_column_text][\/vc_column][vc_column width=&nbsp;&raquo;1\/2&Prime;][vc_column_text][\/vc_column_text][\/vc_column][\/vc_row][vc_row][vc_column][\/vc_column][\/vc_row][vc_row tablet_fullwidth_cols=&nbsp;&raquo;yes&nbsp;&raquo; center_row=&nbsp;&raquo;yes&nbsp;&raquo; border_color=&nbsp;&raquo;#000000&Prime; border_width=&nbsp;&raquo;1&Prime; bg_style=&nbsp;&raquo;stretch&nbsp;&raquo;&hellip;<\/p>\n","protected":false},"author":1,"featured_media":0,"parent":0,"menu_order":90,"comment_status":"closed","ping_status":"closed","template":"","meta":{"footnotes":""},"class_list":["post-1320","page","type-page","status-publish","hentry","entry","no-media"],"yoast_head":"<!-- This site is optimized with the Yoast SEO plugin v27.4 - https:\/\/yoast.com\/product\/yoast-seo-wordpress\/ -->\n<title>Contact<\/title>\n<meta name=\"description\" content=\"contact location telephone address school art painting drawing sculpture watercolour aquarelle montreal point saint charles ecole d&#039;art canada classes\" \/>\n<meta name=\"robots\" content=\"index, follow, max-snippet:-1, max-image-preview:large, max-video-preview:-1\" \/>\n<link rel=\"canonical\" href=\"https:\/\/pointestcharlesartschool.org\/fr\/contact\/\" \/>\n<meta property=\"og:locale\" content=\"fr_FR\" \/>\n<meta property=\"og:type\" content=\"article\" \/>\n<meta property=\"og:title\" content=\"Contact\" \/>\n<meta property=\"og:description\" content=\"contact location telephone address school art painting drawing sculpture watercolour aquarelle montreal point saint charles ecole d&#039;art canada classes\" \/>\n<meta property=\"og:url\" content=\"https:\/\/pointestcharlesartschool.org\/fr\/contact\/\" \/>\n<meta property=\"og:site_name\" content=\"\u00c9cole d&#039;art Pointe-Saint-Charles Art School\" \/>\n<meta property=\"article:publisher\" content=\"https:\/\/www.facebook.com\/ThePointeStCharlesArtSchool\" \/>\n<meta property=\"article:modified_time\" content=\"2023-09-28T18:37:11+00:00\" \/>\n<meta name=\"twitter:label1\" content=\"Dur\u00e9e de lecture estim\u00e9e\" \/>\n\t<meta name=\"twitter:data1\" content=\"1 minute\" \/>\n<script type=\"application\/ld+json\" class=\"yoast-schema-graph\">{\"@context\":\"https:\\\/\\\/schema.org\",\"@graph\":[{\"@type\":\"WebPage\",\"@id\":\"https:\\\/\\\/pointestcharlesartschool.org\\\/fr\\\/contact\\\/\",\"url\":\"https:\\\/\\\/pointestcharlesartschool.org\\\/fr\\\/contact\\\/\",\"name\":\"Contact\",\"isPartOf\":{\"@id\":\"https:\\\/\\\/pointestcharlesartschool.org\\\/#website\"},\"datePublished\":\"2014-08-21T18:35:17+00:00\",\"dateModified\":\"2023-09-28T18:37:11+00:00\",\"description\":\"contact location telephone address school art painting drawing sculpture watercolour aquarelle montreal point saint charles ecole d'art canada classes\",\"breadcrumb\":{\"@id\":\"https:\\\/\\\/pointestcharlesartschool.org\\\/fr\\\/contact\\\/#breadcrumb\"},\"inLanguage\":\"fr-FR\",\"potentialAction\":[{\"@type\":\"ReadAction\",\"target\":[\"https:\\\/\\\/pointestcharlesartschool.org\\\/fr\\\/contact\\\/\"]}]},{\"@type\":\"BreadcrumbList\",\"@id\":\"https:\\\/\\\/pointestcharlesartschool.org\\\/fr\\\/contact\\\/#breadcrumb\",\"itemListElement\":[{\"@type\":\"ListItem\",\"position\":1,\"name\":\"Home\",\"item\":\"https:\\\/\\\/pointestcharlesartschool.org\\\/fr\\\/\"},{\"@type\":\"ListItem\",\"position\":2,\"name\":\"Contact\"}]},{\"@type\":\"WebSite\",\"@id\":\"https:\\\/\\\/pointestcharlesartschool.org\\\/#website\",\"url\":\"https:\\\/\\\/pointestcharlesartschool.org\\\/\",\"name\":\"\u00c9cole d&#039;art Pointe-Saint-Charles Art School\",\"description\":\"Art Classes and Courses in Drawing, Painting, Watercolour, sculpture and art workshops in Montreal.\",\"publisher\":{\"@id\":\"https:\\\/\\\/pointestcharlesartschool.org\\\/#organization\"},\"potentialAction\":[{\"@type\":\"SearchAction\",\"target\":{\"@type\":\"EntryPoint\",\"urlTemplate\":\"https:\\\/\\\/pointestcharlesartschool.org\\\/?s={search_term_string}\"},\"query-input\":{\"@type\":\"PropertyValueSpecification\",\"valueRequired\":true,\"valueName\":\"search_term_string\"}}],\"inLanguage\":\"fr-FR\"},{\"@type\":\"Organization\",\"@id\":\"https:\\\/\\\/pointestcharlesartschool.org\\\/#organization\",\"name\":\"\u00c9cole d&#039;art Pointe-Saint-Charles Art School\",\"url\":\"https:\\\/\\\/pointestcharlesartschool.org\\\/\",\"logo\":{\"@type\":\"ImageObject\",\"inLanguage\":\"fr-FR\",\"@id\":\"https:\\\/\\\/pointestcharlesartschool.org\\\/#\\\/schema\\\/logo\\\/image\\\/\",\"url\":\"https:\\\/\\\/pointestcharlesartschool.org\\\/wp-content\\\/uploads\\\/2014\\\/09\\\/artschool-horizontal100h.png\",\"contentUrl\":\"https:\\\/\\\/pointestcharlesartschool.org\\\/wp-content\\\/uploads\\\/2014\\\/09\\\/artschool-horizontal100h.png\",\"width\":257,\"height\":100,\"caption\":\"\u00c9cole d&#039;art Pointe-Saint-Charles Art School\"},\"image\":{\"@id\":\"https:\\\/\\\/pointestcharlesartschool.org\\\/#\\\/schema\\\/logo\\\/image\\\/\"},\"sameAs\":[\"https:\\\/\\\/www.facebook.com\\\/ThePointeStCharlesArtSchool\",\"https:\\\/\\\/www.instagram.com\\\/pointe.st.charles.artschool\\\/\"]}]}<\/script>\n<!-- \/ Yoast SEO plugin. -->","yoast_head_json":{"title":"Contact","description":"contact location telephone address school art painting drawing sculpture watercolour aquarelle montreal point saint charles ecole d'art canada classes","robots":{"index":"index","follow":"follow","max-snippet":"max-snippet:-1","max-image-preview":"max-image-preview:large","max-video-preview":"max-video-preview:-1"},"canonical":"https:\/\/pointestcharlesartschool.org\/fr\/contact\/","og_locale":"fr_FR","og_type":"article","og_title":"Contact","og_description":"contact location telephone address school art painting drawing sculpture watercolour aquarelle montreal point saint charles ecole d'art canada classes","og_url":"https:\/\/pointestcharlesartschool.org\/fr\/contact\/","og_site_name":"\u00c9cole d&#039;art Pointe-Saint-Charles Art School","article_publisher":"https:\/\/www.facebook.com\/ThePointeStCharlesArtSchool","article_modified_time":"2023-09-28T18:37:11+00:00","twitter_misc":{"Dur\u00e9e de lecture estim\u00e9e":"1 minute"},"schema":{"@context":"https:\/\/schema.org","@graph":[{"@type":"WebPage","@id":"https:\/\/pointestcharlesartschool.org\/fr\/contact\/","url":"https:\/\/pointestcharlesartschool.org\/fr\/contact\/","name":"Contact","isPartOf":{"@id":"https:\/\/pointestcharlesartschool.org\/#website"},"datePublished":"2014-08-21T18:35:17+00:00","dateModified":"2023-09-28T18:37:11+00:00","description":"contact location telephone address school art painting drawing sculpture watercolour aquarelle montreal point saint charles ecole d'art canada classes","breadcrumb":{"@id":"https:\/\/pointestcharlesartschool.org\/fr\/contact\/#breadcrumb"},"inLanguage":"fr-FR","potentialAction":[{"@type":"ReadAction","target":["https:\/\/pointestcharlesartschool.org\/fr\/contact\/"]}]},{"@type":"BreadcrumbList","@id":"https:\/\/pointestcharlesartschool.org\/fr\/contact\/#breadcrumb","itemListElement":[{"@type":"ListItem","position":1,"name":"Home","item":"https:\/\/pointestcharlesartschool.org\/fr\/"},{"@type":"ListItem","position":2,"name":"Contact"}]},{"@type":"WebSite","@id":"https:\/\/pointestcharlesartschool.org\/#website","url":"https:\/\/pointestcharlesartschool.org\/","name":"\u00c9cole d&#039;art Pointe-Saint-Charles Art School","description":"Art Classes and Courses in Drawing, Painting, Watercolour, sculpture and art workshops in Montreal.","publisher":{"@id":"https:\/\/pointestcharlesartschool.org\/#organization"},"potentialAction":[{"@type":"SearchAction","target":{"@type":"EntryPoint","urlTemplate":"https:\/\/pointestcharlesartschool.org\/?s={search_term_string}"},"query-input":{"@type":"PropertyValueSpecification","valueRequired":true,"valueName":"search_term_string"}}],"inLanguage":"fr-FR"},{"@type":"Organization","@id":"https:\/\/pointestcharlesartschool.org\/#organization","name":"\u00c9cole d&#039;art Pointe-Saint-Charles Art School","url":"https:\/\/pointestcharlesartschool.org\/","logo":{"@type":"ImageObject","inLanguage":"fr-FR","@id":"https:\/\/pointestcharlesartschool.org\/#\/schema\/logo\/image\/","url":"https:\/\/pointestcharlesartschool.org\/wp-content\/uploads\/2014\/09\/artschool-horizontal100h.png","contentUrl":"https:\/\/pointestcharlesartschool.org\/wp-content\/uploads\/2014\/09\/artschool-horizontal100h.png","width":257,"height":100,"caption":"\u00c9cole d&#039;art Pointe-Saint-Charles Art School"},"image":{"@id":"https:\/\/pointestcharlesartschool.org\/#\/schema\/logo\/image\/"},"sameAs":["https:\/\/www.facebook.com\/ThePointeStCharlesArtSchool","https:\/\/www.instagram.com\/pointe.st.charles.artschool\/"]}]}},"_links":{"self":[{"href":"https:\/\/pointestcharlesartschool.org\/fr\/wp-json\/wp\/v2\/pages\/1320","targetHints":{"allow":["GET"]}}],"collection":[{"href":"https:\/\/pointestcharlesartschool.org\/fr\/wp-json\/wp\/v2\/pages"}],"about":[{"href":"https:\/\/pointestcharlesartschool.org\/fr\/wp-json\/wp\/v2\/types\/page"}],"author":[{"embeddable":true,"href":"https:\/\/pointestcharlesartschool.org\/fr\/wp-json\/wp\/v2\/users\/1"}],"replies":[{"embeddable":true,"href":"https:\/\/pointestcharlesartschool.org\/fr\/wp-json\/wp\/v2\/comments?post=1320"}],"version-history":[{"count":11,"href":"https:\/\/pointestcharlesartschool.org\/fr\/wp-json\/wp\/v2\/pages\/1320\/revisions"}],"predecessor-version":[{"id":15486,"href":"https:\/\/pointestcharlesartschool.org\/fr\/wp-json\/wp\/v2\/pages\/1320\/revisions\/15486"}],"wp:attachment":[{"href":"https:\/\/pointestcharlesartschool.org\/fr\/wp-json\/wp\/v2\/media?parent=1320"}],"curies":[{"name":"wp","href":"https:\/\/api.w.org\/{rel}","templated":true}]}}