{"id":13368,"date":"2022-03-29T11:18:22","date_gmt":"2022-03-29T15:18:22","guid":{"rendered":"https:\/\/pointestcharlesartschool.org\/?page_id=13368"},"modified":"2026-04-21T15:35:25","modified_gmt":"2026-04-21T19:35:25","slug":"galerie-2","status":"publish","type":"page","link":"https:\/\/pointestcharlesartschool.org\/fr\/galerie-2\/","title":{"rendered":"Galerie"},"content":{"rendered":"[vc_row][vc_column][vc_single_image image=&nbsp;&raquo;10978&Prime;][\/vc_column][\/vc_row][vc_row][vc_column][vc_empty_space height=&nbsp;&raquo;32&Prime;][\/vc_column][\/vc_row][vc_row][vc_column width=&nbsp;&raquo;1\/2&Prime;][vc_column_text]<span style=\"font-size: 24px;\"><em><strong>1000 Dogs \/ Chiens <\/strong><\/em><strong>\u00e0 Gallerie Popop<\/strong><\/span><\/p>\n<h2>Vernissage : 23 avril 2026, de 5 \u00e0 7<\/h2>\n<h2>Ouvert : 21 &#8211; 26 avril 2026 12h \u00e0 18h<\/h2>\n<h2><span style=\"color: #ffffff;\"><a class=\"color-button black\" style=\"color: #ffffff;\" href=\"https:\/\/pointestcharlesartschool.org\/wp-content\/uploads\/2026\/04\/1000-Dogs-Catalogue-web.pdf\" target=\"_blank\" rel=\"noopener\">Catalogue<\/a><\/span><\/h2>\n[\/vc_column_text][\/vc_column][vc_column width=&nbsp;&raquo;1\/2&Prime;][vc_single_image image=&nbsp;&raquo;16723&Prime;][\/vc_column][\/vc_row][vc_row][vc_column width=&nbsp;&raquo;1\/2&Prime;][vc_column_text]<span style=\"font-size: 24px;\"><em><strong>Art Expo <\/strong><\/em><strong>\u00e0 Sans Taverne<\/strong><\/span><\/p>\n<h2>Vernissage : 6 f\u00e9vrier 2026, de 5 \u00e0 7<\/h2>\n<h2>Ouvert : 6 &#8211; 28 f\u00e9vrier 2026<\/h2>\n<h2>(pendant les heures d&rsquo;ouverture de ST)<\/h2>\n<h2><span style=\"color: #ffffff;\"><a class=\"color-button black\" style=\"color: #ffffff;\" href=\"https:\/\/pointestcharlesartschool.org\/wp-content\/uploads\/2026\/02\/Art-Expo-2026-Catalogue.pdf\" target=\"_blank\" rel=\"noopener\">Catalogue<\/a><\/span><\/h2>\n[\/vc_column_text][\/vc_column][vc_column width=&nbsp;&raquo;1\/2&Prime;][vc_single_image image=&nbsp;&raquo;16699&Prime;][\/vc_column][\/vc_row][vc_row][vc_column width=&nbsp;&raquo;1\/2&Prime;][vc_column_text]<span style=\"font-size: 24px;\"><em><strong>SOLSTICE<\/strong><\/em><\/span><\/p>\n<h2><strong>Vernissage<\/strong>: 6 dec 2025 17h &#8211; 19h<\/h2>\n<h2>Ouvert : 6 &#8211; 14 decembre 2025<\/h2>\n<h2><span style=\"color: #ffffff;\"><a class=\"color-button black\" style=\"color: #ffffff;\" href=\"http:\/\/pointestcharlesartschool.org\/wp-content\/uploads\/2025\/06\/Exhibition-Catalogue-Lux-Illuminous.pages.pdf\" target=\"_blank\" rel=\"noopener\">Catalogue<\/a><\/span><\/h2>\n[\/vc_column_text][\/vc_column][vc_column width=&nbsp;&raquo;1\/2&Prime;][vc_single_image image=&nbsp;&raquo;16678&Prime;][\/vc_column][\/vc_row][vc_row][vc_column width=&nbsp;&raquo;1\/2&Prime;][vc_column_text]<span style=\"font-size: 24px;\"><em><strong>LUX ILLUMINOUS<\/strong><\/em><\/span><\/p>\n<h2><strong>Vernissage<\/strong>: 7 juin 2025 de 17h \u00e0 19h<\/h2>\n<h2>Ouvert : 8, 14 &amp; 15 juin 10h &#8211; 19h<\/h2>\n<h2><\/h2>\n<h2><span style=\"color: #ffffff;\"><a class=\"color-button black\" style=\"color: #ffffff;\" href=\"http:\/\/pointestcharlesartschool.org\/wp-content\/uploads\/2025\/06\/Exhibition-Catalogue-Lux-Illuminous.pages.pdf\" target=\"_blank\" rel=\"noopener\">Catalogue<\/a><\/span><\/h2>\n[\/vc_column_text][\/vc_column][vc_column width=&nbsp;&raquo;1\/2&Prime;][vc_single_image image=&nbsp;&raquo;16589&Prime;][\/vc_column][\/vc_row][vc_row][vc_column width=&nbsp;&raquo;1\/2&Prime;][vc_column_text]<span style=\"font-size: 24px;\"><em><strong>Introduction<\/strong><\/em><\/span><\/p>\n<h2><strong>Vernissage<\/strong>: 7 dec 2024 17h \u2013 19h<\/h2>\n<h2>Ouvert :<\/h2>\n<h2>7 dec : 11h &#8211; 19h<\/h2>\n<h2>8 dec : 10h &#8211; 17h<\/h2>\n<h2>14 dec : 12h &#8211; 17h<\/h2>\n<h2>15 dec : 10 &#8211; 14h<\/h2>\n<h2><span style=\"color: #ffffff;\"><a class=\"color-button black\" style=\"color: #ffffff;\" href=\"http:\/\/pointestcharlesartschool.org\/wp-content\/uploads\/2024\/12\/Exhibition-Catalogue-Introduction-1-1-1-1.pdf\" target=\"_blank\" rel=\"noopener\">Catalogue<\/a><\/span><\/h2>\n[\/vc_column_text][\/vc_column][vc_column width=&nbsp;&raquo;1\/2&Prime;][vc_single_image image=&nbsp;&raquo;16333&Prime;][\/vc_column][\/vc_row][vc_row][vc_column width=&nbsp;&raquo;1\/2&Prime;][vc_column_text]<em><strong><span style=\"color: #000000; font-size: 24px;\">Par la ville, \u00e0 la mer<\/span><\/strong><\/em><\/p>\n<h2>Sans Taverne, 1900 Rue Wellington<\/h2>\n<h2><span style=\"color: #000000;\">Vernissage:<\/span><\/h2>\n<h2>jeudi le 7 d\u00e9cembre 17h &#8211; 19h<\/h2>\n<h2><span style=\"color: #000000;\">Ouvert:<\/span><\/h2>\n<h2>1er d\u00e9c. 2023 &#8211; 31 janv. 2024 pendant les heures d&rsquo;ouverture de Sans Taverne<\/h2>\n<h2><span style=\"color: #ffffff;\"><a class=\"color-button black\" style=\"color: #ffffff;\" href=\"http:\/\/pointestcharlesartschool.org\/wp-content\/uploads\/2023\/12\/Catalogue.pdf\" target=\"_blank\" rel=\"noopener\">Catalogue<\/a><\/span><\/h2>\n[\/vc_column_text][\/vc_column][vc_column width=&nbsp;&raquo;1\/2&Prime;][vc_single_image image=&nbsp;&raquo;15707&Prime;][\/vc_column][\/vc_row][vc_row][vc_column width=&nbsp;&raquo;1\/2&Prime;][vc_column_text]<strong><span style=\"color: #000000; font-size: 24px;\"><em>Landscaping the City<\/em><\/span><\/strong><\/p>\n<h2>1900 Rue Wellington, \u00e0 l&rsquo;angle de la rue Sainte-Madeleine<\/h2>\n<h2><span style=\"color: #000000;\">Vernissage:<\/span> Vendredi 1er septembre, de 17h00 \u00e0 21h00<br \/>\n<span style=\"color: #000000;\">Ouvert:<\/span> les 2, 3, 8, 9 et 10 septembre 2023 \/ de 12 h \u00e0 17 h ou sur rendez-vous<\/h2>\n[\/vc_column_text][\/vc_column][vc_column width=&nbsp;&raquo;1\/2&Prime;][vc_single_image image=&nbsp;&raquo;15332&Prime;][\/vc_column][\/vc_row][vc_row][vc_column width=&nbsp;&raquo;1\/2&Prime;][vc_column_text]<em><strong><span style=\"color: #000000; font-size: 24px;\">Art de la Pointe &#8211; III<\/span><\/strong><\/em><\/p>\n<h2>B\u00e2timent 7, Grand Atelier<\/h2>\n<h2>1900 Rue le Ber, suite 101<\/h2>\n<h2><span style=\"color: #000000;\">Vernissage:<\/span> 2 juin de 17 h \u00e0 20 h<br \/>\n<span style=\"color: #000000;\">Ouvert:<\/span> 3 et 4 juin 2023 \/ 13 h \u00e0 19 h<\/h2>\n<h2><span style=\"color: #ffffff;\"><a class=\"color-button black\" style=\"color: #ffffff;\" href=\"http:\/\/pointestcharlesartschool.org\/wp-content\/uploads\/2023\/06\/Art-of-the-Pointe-Catalog-1.pdf\" target=\"_blank\" rel=\"noopener\">Catalogue<\/a><\/span><\/h2>\n[\/vc_column_text][\/vc_column][vc_column width=&nbsp;&raquo;1\/2&Prime;][vc_single_image image=&nbsp;&raquo;15006&Prime;][\/vc_column][\/vc_row][vc_row][vc_column][vc_empty_space height=&nbsp;&raquo;32&Prime;][\/vc_column][\/vc_row][vc_row][vc_column width=&nbsp;&raquo;1\/2&Prime;][vc_column_text]\n<h1><em><b>Pratique artistique quotidienne du Lait des R\u00eaves \/ Biennale de Venise 2022<\/b><\/em><\/h1>\n<h1>(Hiver 2023)<\/h1>\n<h2><span style=\"color: #ffffff;\"><a class=\"color-button black\" style=\"color: #ffffff;\" href=\"https:\/\/www.artsteps.com\/view\/6410f0deec0a99f79f5e3a6a\/?currentUser\" target=\"_blank\" rel=\"noopener\">Visitez<\/a><\/span><\/h2>\n[\/vc_column_text][\/vc_column][vc_column width=&nbsp;&raquo;1\/2&Prime;][vc_single_image image=&nbsp;&raquo;14744&Prime; onclick=&nbsp;&raquo;custom_link&nbsp;&raquo; img_link_target=&nbsp;&raquo;_blank&nbsp;&raquo; link=&nbsp;&raquo;https:\/\/www.artsteps.com\/view\/627c21e935c07ce22a1c4033\/?currentUser&nbsp;&raquo;][\/vc_column][\/vc_row][vc_row][vc_column][vc_empty_space height=&nbsp;&raquo;32&Prime;][\/vc_column][\/vc_row][vc_row][vc_column width=&nbsp;&raquo;1\/2&Prime;][vc_column_text]<strong><span style=\"font-size: 24px;\"><em><span style=\"color: #000000;\">Les Falsifications<\/span><\/em><\/span><\/strong><\/p>\n<h2><span style=\"font-size: 18px;\"><strong>Les Sans Taverne &#8211; 1900 Rue le Ber, suite 101<\/strong><\/span><\/h2>\n<h2><span style=\"font-size: 18px;\"><strong><span style=\"color: #000000;\">Vernissage:<\/span> 3 d\u00e9cembre, de 17 h \u00e0 19 h<\/strong><\/span><br \/>\n<span style=\"font-size: 18px;\"><strong><span style=\"color: #000000;\">Ouvert:<\/span> 4 d\u00e9cembre 2022 &#8211; 5 janvier 2023, 15 h \u00e0 23 h (mardi, mercredi et dimanche) et 15 h \u00e0 01 h (jeudi, vendredi et samedi)<\/strong><\/span><\/h2>\n<h2><span style=\"color: #ffffff;\"><a class=\"color-button black\" style=\"color: #ffffff;\" href=\"http:\/\/pointestcharlesartschool.org\/wp-content\/uploads\/2022\/12\/Catalogue_FORGERIES-LES-FALSIFICATIONS-4.pdf\" target=\"_blank\" rel=\"noopener\">Catalogue<\/a><\/span><\/h2>\n<h2><span style=\"color: #ffffff;\">Catalogue \u00e0 venir<\/span><\/h2>\n[\/vc_column_text][\/vc_column][vc_column width=&nbsp;&raquo;1\/2&Prime;][vc_single_image image=&nbsp;&raquo;14206&Prime;][\/vc_column][\/vc_row][vc_row][vc_column width=&nbsp;&raquo;1\/2&Prime;][vc_column_text]<strong><span style=\"font-size: 24px;\"><em><span style=\"color: #000000;\">Pages <\/span><span style=\"color: #000000;\">Expansives<\/span><\/em><\/span><\/strong><\/p>\n<h2>480 Saint Laurent<\/h2>\n<h2><span style=\"color: #000000;\"> Vernissage:<\/span> le 17 juin 16 h \u00e0 19 h<br \/>\n<span style=\"color: #000000;\">Ouvert:<\/span> 18 \u00e0 26 juin 2022, 12 h \u00e0 16 h<br \/>\n<span style=\"color: #000000;\">Ferm\u00e9:<\/span> lundi et mardi<\/h2>\n<h2><span style=\"color: #ffffff;\"><a class=\"color-button black\" style=\"color: #ffffff;\" href=\"http:\/\/pointestcharlesartschool.org\/wp-content\/uploads\/2022\/06\/Catalogue-Expansives_Pages.pdf\" target=\"_blank\" rel=\"noopener\">Catalogue<\/a><\/span><\/h2>\n[\/vc_column_text][\/vc_column][vc_column width=&nbsp;&raquo;1\/2&Prime;][vc_single_image image=&nbsp;&raquo;13746&Prime; onclick=&nbsp;&raquo;custom_link&nbsp;&raquo; img_link_target=&nbsp;&raquo;_blank&nbsp;&raquo; link=&nbsp;&raquo;http:\/\/pointestcharlesartschool.org\/wp-content\/uploads\/2022\/06\/Catalogue-Expansives_Pages.pdf&nbsp;&raquo;][\/vc_column][\/vc_row][vc_row][vc_column][vc_empty_space height=&nbsp;&raquo;32&Prime;][\/vc_column][\/vc_row][vc_row][vc_column width=&nbsp;&raquo;1\/2&Prime;][vc_column_text]<strong><span style=\"font-size: 24px;\"><em><span style=\"color: #000000;\">Ralentissez, \u00e7a va trop vite<\/span><\/em><\/span><\/strong><\/p>\n<h2>480 Saint Laurent<\/h2>\n<h2><span style=\"color: #000000;\">Vernissage:<\/span> 3 juin, 16h-19h<br \/>\n<span style=\"color: #000000;\">Ouvert:<\/span> 3-12 juin 2022, 12h-18h<br \/>\n<span style=\"color: #000000;\">Ferm\u00e9:<\/span> Lundi et mardi<\/h2>\n<h2><span style=\"color: #ffffff;\"><a class=\"color-button black\" style=\"color: #ffffff;\" href=\"http:\/\/pointestcharlesartschool.org\/wp-content\/uploads\/2022\/06\/SlowDown_Catalogue.pdf\" target=\"_blank\" rel=\"noopener\">Catalogue<\/a><\/span><\/h2>\n[\/vc_column_text][\/vc_column][vc_column width=&nbsp;&raquo;1\/2&Prime;][vc_single_image image=&nbsp;&raquo;13624&Prime; onclick=&nbsp;&raquo;custom_link&nbsp;&raquo; img_link_target=&nbsp;&raquo;_blank&nbsp;&raquo; link=&nbsp;&raquo;http:\/\/pointestcharlesartschool.org\/wp-content\/uploads\/2022\/06\/SlowDown_Catalogue.pdf&nbsp;&raquo;][\/vc_column][\/vc_row][vc_row][vc_column][vc_empty_space height=&nbsp;&raquo;32&Prime;][\/vc_column][\/vc_row][vc_row][vc_column width=&nbsp;&raquo;1\/2&Prime;][vc_column_text]<span style=\"color: #000000; font-size: 24px;\"><strong><em>CHEZ-NOUS <\/em><\/strong><\/span><\/p>\n<p><span style=\"color: #000000; font-size: 24px;\">exposition collective d\u2019artistes PSC<\/span><\/p>\n<h2><strong><b>Grand Atelier, B\u00e2timent 7<\/b><\/strong><\/h2>\n<h2><strong><b><span style=\"color: #000000;\">Ouvert:<\/span> Du 26 f\u00e9vrier &#8211; 27 mars 2022 \/ vendredi et samedi \u2013 13 \u00e0 19h<\/b><\/strong><\/h2>\n<h2><span style=\"color: #ffffff;\"><a class=\"color-button black\" style=\"color: #ffffff;\" href=\"http:\/\/pointestcharlesartschool.org\/wp-content\/uploads\/2022\/02\/Home-show-of-artists-catalogue-2.pdf\" target=\"_blank\" rel=\"noopener\">Catalogue<\/a><\/span><\/h2>\n[\/vc_column_text][\/vc_column][vc_column width=&nbsp;&raquo;1\/2&Prime;][vc_single_image image=&nbsp;&raquo;16577&Prime; onclick=&nbsp;&raquo;custom_link&nbsp;&raquo; img_link_target=&nbsp;&raquo;_blank&nbsp;&raquo; link=&nbsp;&raquo;http:\/\/pointestcharlesartschool.org\/wp-content\/uploads\/2022\/02\/Home-show-of-artists-catalogue-2.pdf&nbsp;&raquo;][\/vc_column][\/vc_row][vc_row][vc_column][vc_empty_space height=&nbsp;&raquo;32&Prime;][\/vc_column][\/vc_row][vc_row][vc_column width=&nbsp;&raquo;1\/2&Prime;][vc_column_text]\n<h1><em><strong>Pratique artistique quotidienne 3 (2022)<\/strong><\/em><\/h1>\n<h2><span style=\"color: #ffffff;\"><a class=\"color-button black\" style=\"color: #ffffff;\" href=\"https:\/\/www.artsteps.com\/view\/627c21e935c07ce22a1c4033\/?currentUser\" target=\"_blank\" rel=\"noopener\">Visitez<\/a><\/span><\/h2>\n[\/vc_column_text][\/vc_column][vc_column width=&nbsp;&raquo;1\/2&Prime;][vc_single_image image=&nbsp;&raquo;13782&Prime; onclick=&nbsp;&raquo;custom_link&nbsp;&raquo; img_link_target=&nbsp;&raquo;_blank&nbsp;&raquo; link=&nbsp;&raquo;https:\/\/www.artsteps.com\/view\/627c21e935c07ce22a1c4033\/?currentUser&nbsp;&raquo;][\/vc_column][\/vc_row][vc_row][vc_column][vc_empty_space height=&nbsp;&raquo;32&Prime;][\/vc_column][\/vc_row][vc_row][vc_column width=&nbsp;&raquo;1\/2&Prime;][vc_column_text]\n<h1><em><strong>Pratique artistique quotidienne 2 (2022)<\/strong><\/em><\/h1>\n<h2><span style=\"color: #ffffff;\"><a class=\"color-button black\" style=\"color: #ffffff;\" href=\"https:\/\/www.artsteps.com\/view\/61b5508da3a7c38e389a5614\/?currentUser\" target=\"_blank\" rel=\"noopener\">Visitez<\/a><\/span><\/h2>\n[\/vc_column_text][\/vc_column][vc_column width=&nbsp;&raquo;1\/2&Prime;][vc_single_image image=&nbsp;&raquo;13780&Prime; onclick=&nbsp;&raquo;custom_link&nbsp;&raquo; img_link_target=&nbsp;&raquo;_blank&nbsp;&raquo; link=&nbsp;&raquo;https:\/\/www.artsteps.com\/view\/61ae78127fac188831837314?currentUser&nbsp;&raquo;][\/vc_column][\/vc_row][vc_row][vc_column][vc_empty_space height=&nbsp;&raquo;32&Prime;][\/vc_column][\/vc_row][vc_row][vc_column width=&nbsp;&raquo;1\/2&Prime;][vc_column_text]\n<h1><em><strong>Pratique artistique quotidienne 1 (2021)<\/strong><\/em><\/h1>\n<h2><span style=\"color: #ffffff;\"><a class=\"color-button black\" style=\"color: #ffffff;\" href=\"https:\/\/www.artsteps.com\/view\/61b5508da3a7c38e389a5614\/?currentUser\" target=\"_blank\" rel=\"noopener\">Visitez<\/a><\/span><\/h2>\n[\/vc_column_text][\/vc_column][vc_column width=&nbsp;&raquo;1\/2&Prime;][vc_single_image image=&nbsp;&raquo;13778&Prime; onclick=&nbsp;&raquo;custom_link&nbsp;&raquo; img_link_target=&nbsp;&raquo;_blank&nbsp;&raquo; link=&nbsp;&raquo;http:\/\/pointestcharlesartschool.org\/wp-content\/uploads\/2022\/02\/Home-show-of-artists-catalogue-2.pdf&nbsp;&raquo;][\/vc_column][\/vc_row][vc_row][vc_column width=&nbsp;&raquo;1\/2&Prime;][vc_column_text]\n<h1><em><strong>Art de la Pointe &#8211; II<\/strong><\/em><\/h1>\n[\/vc_column_text][\/vc_column][vc_column width=&nbsp;&raquo;1\/2&Prime;][vc_single_image image=&nbsp;&raquo;16543&Prime; onclick=&nbsp;&raquo;custom_link&nbsp;&raquo; img_link_target=&nbsp;&raquo;_blank&nbsp;&raquo; link=&nbsp;&raquo;http:\/\/pointestcharlesartschool.org\/wp-content\/uploads\/2022\/02\/Home-show-of-artists-catalogue-2.pdf&nbsp;&raquo;][\/vc_column][\/vc_row][vc_row][vc_column width=&nbsp;&raquo;1\/2&Prime;][vc_column_text]\n<h1><em><strong>Art de la Pointe\u00a0<\/strong><\/em><\/h1>\n[\/vc_column_text][\/vc_column][vc_column width=&nbsp;&raquo;1\/2&Prime;][vc_single_image image=&nbsp;&raquo;16545&Prime; onclick=&nbsp;&raquo;custom_link&nbsp;&raquo; img_link_target=&nbsp;&raquo;_blank&nbsp;&raquo; link=&nbsp;&raquo;http:\/\/pointestcharlesartschool.org\/wp-content\/uploads\/2022\/02\/Home-show-of-artists-catalogue-2.pdf&nbsp;&raquo;][\/vc_column][\/vc_row][vc_row][vc_column][\/vc_column][\/vc_row][vc_row][vc_column][vc_column_text]\n<p style=\"text-align: center;\"><span style=\"font-size: 16px;\">L&rsquo;\u00c9cole d&rsquo;art de Pointe-Saint-Charles est un organisme \u00e0 but non lucratif qui offre des cours et des ateliers d&rsquo;arts visuels<br \/>\n<\/span><span style=\"font-size: 16px;\">\u00e0 prix abordable pour les gens de tous les niveaux et de tous les horizons.<\/span><\/p>\n<p style=\"text-align: center;\"><a href=\"https:\/\/pointestcharlesartschool.org\/fr\/contact\/\">Contact<\/a> | <a href=\"https:\/\/pointestcharlesartschool.org\/fr\/galerie-2\/\" target=\"_blank\" rel=\"noopener noreferrer\"><strong>English<\/strong><\/a><\/p>\n[\/vc_column_text][\/vc_column][\/vc_row]\n","protected":false},"excerpt":{"rendered":"<p>[vc_row][vc_column][vc_single_image image=&nbsp;&raquo;10978&Prime;][\/vc_column][\/vc_row][vc_row][vc_column][vc_empty_space height=&nbsp;&raquo;32&Prime;][\/vc_column][\/vc_row][vc_row][vc_column width=&nbsp;&raquo;1\/2&Prime;][vc_column_text]1000 Dogs \/ Chiens \u00e0 Gallerie Popop Vernissage : 23 avril 2026, de 5 \u00e0 7 Ouvert : 21 &#8211; 26 avril 2026 12h \u00e0 18h Catalogue [\/vc_column_text][\/vc_column][vc_column width=&nbsp;&raquo;1\/2&Prime;][vc_single_image image=&nbsp;&raquo;16723&Prime;][\/vc_column][\/vc_row][vc_row][vc_column width=&nbsp;&raquo;1\/2&Prime;][vc_column_text]Art Expo \u00e0 Sans Taverne Vernissage :&hellip;<\/p>\n","protected":false},"author":1,"featured_media":0,"parent":0,"menu_order":0,"comment_status":"closed","ping_status":"closed","template":"templates\/no-sidebar.php","meta":{"footnotes":""},"class_list":["post-13368","page","type-page","status-publish","hentry","entry","no-media"],"yoast_head":"<!-- This site is optimized with the Yoast SEO plugin v27.4 - https:\/\/yoast.com\/product\/yoast-seo-wordpress\/ -->\n<title>Galerie<\/title>\n<meta name=\"robots\" content=\"index, follow, max-snippet:-1, max-image-preview:large, max-video-preview:-1\" \/>\n<link rel=\"canonical\" href=\"https:\/\/pointestcharlesartschool.org\/fr\/galerie-2\/\" \/>\n<meta property=\"og:locale\" content=\"fr_FR\" \/>\n<meta property=\"og:type\" content=\"article\" \/>\n<meta property=\"og:title\" content=\"Galerie\" \/>\n<meta property=\"og:description\" content=\"[vc_row][vc_column][vc_single_image image=&nbsp;&raquo;10978&Prime;][\/vc_column][\/vc_row][vc_row][vc_column][vc_empty_space height=&nbsp;&raquo;32&Prime;][\/vc_column][\/vc_row][vc_row][vc_column width=&nbsp;&raquo;1\/2&Prime;][vc_column_text]1000 Dogs \/ Chiens \u00e0 Gallerie Popop Vernissage : 23 avril 2026, de 5 \u00e0 7 Ouvert : 21 &#8211; 26 avril 2026 12h \u00e0 18h Catalogue [\/vc_column_text][\/vc_column][vc_column width=&nbsp;&raquo;1\/2&Prime;][vc_single_image image=&nbsp;&raquo;16723&Prime;][\/vc_column][\/vc_row][vc_row][vc_column width=&nbsp;&raquo;1\/2&Prime;][vc_column_text]Art Expo \u00e0 Sans Taverne Vernissage :&hellip;\" \/>\n<meta property=\"og:url\" content=\"https:\/\/pointestcharlesartschool.org\/fr\/galerie-2\/\" \/>\n<meta property=\"og:site_name\" content=\"\u00c9cole d&#039;art Pointe-Saint-Charles Art School\" \/>\n<meta property=\"article:publisher\" content=\"https:\/\/www.facebook.com\/ThePointeStCharlesArtSchool\" \/>\n<meta property=\"article:modified_time\" content=\"2026-04-21T19:35:25+00:00\" \/>\n<meta name=\"twitter:label1\" content=\"Dur\u00e9e de lecture estim\u00e9e\" \/>\n\t<meta name=\"twitter:data1\" content=\"3 minutes\" \/>\n<script type=\"application\/ld+json\" class=\"yoast-schema-graph\">{\"@context\":\"https:\\\/\\\/schema.org\",\"@graph\":[{\"@type\":\"WebPage\",\"@id\":\"https:\\\/\\\/pointestcharlesartschool.org\\\/fr\\\/galerie-2\\\/\",\"url\":\"https:\\\/\\\/pointestcharlesartschool.org\\\/fr\\\/galerie-2\\\/\",\"name\":\"Galerie\",\"isPartOf\":{\"@id\":\"https:\\\/\\\/pointestcharlesartschool.org\\\/#website\"},\"datePublished\":\"2022-03-29T15:18:22+00:00\",\"dateModified\":\"2026-04-21T19:35:25+00:00\",\"breadcrumb\":{\"@id\":\"https:\\\/\\\/pointestcharlesartschool.org\\\/fr\\\/galerie-2\\\/#breadcrumb\"},\"inLanguage\":\"fr-FR\",\"potentialAction\":[{\"@type\":\"ReadAction\",\"target\":[\"https:\\\/\\\/pointestcharlesartschool.org\\\/fr\\\/galerie-2\\\/\"]}]},{\"@type\":\"BreadcrumbList\",\"@id\":\"https:\\\/\\\/pointestcharlesartschool.org\\\/fr\\\/galerie-2\\\/#breadcrumb\",\"itemListElement\":[{\"@type\":\"ListItem\",\"position\":1,\"name\":\"Home\",\"item\":\"https:\\\/\\\/pointestcharlesartschool.org\\\/fr\\\/\"},{\"@type\":\"ListItem\",\"position\":2,\"name\":\"Galerie\"}]},{\"@type\":\"WebSite\",\"@id\":\"https:\\\/\\\/pointestcharlesartschool.org\\\/#website\",\"url\":\"https:\\\/\\\/pointestcharlesartschool.org\\\/\",\"name\":\"\u00c9cole d&#039;art Pointe-Saint-Charles Art School\",\"description\":\"Art Classes and Courses in Drawing, Painting, Watercolour, sculpture and art workshops in Montreal.\",\"publisher\":{\"@id\":\"https:\\\/\\\/pointestcharlesartschool.org\\\/#organization\"},\"potentialAction\":[{\"@type\":\"SearchAction\",\"target\":{\"@type\":\"EntryPoint\",\"urlTemplate\":\"https:\\\/\\\/pointestcharlesartschool.org\\\/?s={search_term_string}\"},\"query-input\":{\"@type\":\"PropertyValueSpecification\",\"valueRequired\":true,\"valueName\":\"search_term_string\"}}],\"inLanguage\":\"fr-FR\"},{\"@type\":\"Organization\",\"@id\":\"https:\\\/\\\/pointestcharlesartschool.org\\\/#organization\",\"name\":\"\u00c9cole d&#039;art Pointe-Saint-Charles Art School\",\"url\":\"https:\\\/\\\/pointestcharlesartschool.org\\\/\",\"logo\":{\"@type\":\"ImageObject\",\"inLanguage\":\"fr-FR\",\"@id\":\"https:\\\/\\\/pointestcharlesartschool.org\\\/#\\\/schema\\\/logo\\\/image\\\/\",\"url\":\"https:\\\/\\\/pointestcharlesartschool.org\\\/wp-content\\\/uploads\\\/2014\\\/09\\\/artschool-horizontal100h.png\",\"contentUrl\":\"https:\\\/\\\/pointestcharlesartschool.org\\\/wp-content\\\/uploads\\\/2014\\\/09\\\/artschool-horizontal100h.png\",\"width\":257,\"height\":100,\"caption\":\"\u00c9cole d&#039;art Pointe-Saint-Charles Art School\"},\"image\":{\"@id\":\"https:\\\/\\\/pointestcharlesartschool.org\\\/#\\\/schema\\\/logo\\\/image\\\/\"},\"sameAs\":[\"https:\\\/\\\/www.facebook.com\\\/ThePointeStCharlesArtSchool\",\"https:\\\/\\\/www.instagram.com\\\/pointe.st.charles.artschool\\\/\"]}]}<\/script>\n<!-- \/ Yoast SEO plugin. -->","yoast_head_json":{"title":"Galerie","robots":{"index":"index","follow":"follow","max-snippet":"max-snippet:-1","max-image-preview":"max-image-preview:large","max-video-preview":"max-video-preview:-1"},"canonical":"https:\/\/pointestcharlesartschool.org\/fr\/galerie-2\/","og_locale":"fr_FR","og_type":"article","og_title":"Galerie","og_description":"[vc_row][vc_column][vc_single_image image=&nbsp;&raquo;10978&Prime;][\/vc_column][\/vc_row][vc_row][vc_column][vc_empty_space height=&nbsp;&raquo;32&Prime;][\/vc_column][\/vc_row][vc_row][vc_column width=&nbsp;&raquo;1\/2&Prime;][vc_column_text]1000 Dogs \/ Chiens \u00e0 Gallerie Popop Vernissage : 23 avril 2026, de 5 \u00e0 7 Ouvert : 21 &#8211; 26 avril 2026 12h \u00e0 18h Catalogue [\/vc_column_text][\/vc_column][vc_column width=&nbsp;&raquo;1\/2&Prime;][vc_single_image image=&nbsp;&raquo;16723&Prime;][\/vc_column][\/vc_row][vc_row][vc_column width=&nbsp;&raquo;1\/2&Prime;][vc_column_text]Art Expo \u00e0 Sans Taverne Vernissage :&hellip;","og_url":"https:\/\/pointestcharlesartschool.org\/fr\/galerie-2\/","og_site_name":"\u00c9cole d&#039;art Pointe-Saint-Charles Art School","article_publisher":"https:\/\/www.facebook.com\/ThePointeStCharlesArtSchool","article_modified_time":"2026-04-21T19:35:25+00:00","twitter_misc":{"Dur\u00e9e de lecture estim\u00e9e":"3 minutes"},"schema":{"@context":"https:\/\/schema.org","@graph":[{"@type":"WebPage","@id":"https:\/\/pointestcharlesartschool.org\/fr\/galerie-2\/","url":"https:\/\/pointestcharlesartschool.org\/fr\/galerie-2\/","name":"Galerie","isPartOf":{"@id":"https:\/\/pointestcharlesartschool.org\/#website"},"datePublished":"2022-03-29T15:18:22+00:00","dateModified":"2026-04-21T19:35:25+00:00","breadcrumb":{"@id":"https:\/\/pointestcharlesartschool.org\/fr\/galerie-2\/#breadcrumb"},"inLanguage":"fr-FR","potentialAction":[{"@type":"ReadAction","target":["https:\/\/pointestcharlesartschool.org\/fr\/galerie-2\/"]}]},{"@type":"BreadcrumbList","@id":"https:\/\/pointestcharlesartschool.org\/fr\/galerie-2\/#breadcrumb","itemListElement":[{"@type":"ListItem","position":1,"name":"Home","item":"https:\/\/pointestcharlesartschool.org\/fr\/"},{"@type":"ListItem","position":2,"name":"Galerie"}]},{"@type":"WebSite","@id":"https:\/\/pointestcharlesartschool.org\/#website","url":"https:\/\/pointestcharlesartschool.org\/","name":"\u00c9cole d&#039;art Pointe-Saint-Charles Art School","description":"Art Classes and Courses in Drawing, Painting, Watercolour, sculpture and art workshops in Montreal.","publisher":{"@id":"https:\/\/pointestcharlesartschool.org\/#organization"},"potentialAction":[{"@type":"SearchAction","target":{"@type":"EntryPoint","urlTemplate":"https:\/\/pointestcharlesartschool.org\/?s={search_term_string}"},"query-input":{"@type":"PropertyValueSpecification","valueRequired":true,"valueName":"search_term_string"}}],"inLanguage":"fr-FR"},{"@type":"Organization","@id":"https:\/\/pointestcharlesartschool.org\/#organization","name":"\u00c9cole d&#039;art Pointe-Saint-Charles Art School","url":"https:\/\/pointestcharlesartschool.org\/","logo":{"@type":"ImageObject","inLanguage":"fr-FR","@id":"https:\/\/pointestcharlesartschool.org\/#\/schema\/logo\/image\/","url":"https:\/\/pointestcharlesartschool.org\/wp-content\/uploads\/2014\/09\/artschool-horizontal100h.png","contentUrl":"https:\/\/pointestcharlesartschool.org\/wp-content\/uploads\/2014\/09\/artschool-horizontal100h.png","width":257,"height":100,"caption":"\u00c9cole d&#039;art Pointe-Saint-Charles Art School"},"image":{"@id":"https:\/\/pointestcharlesartschool.org\/#\/schema\/logo\/image\/"},"sameAs":["https:\/\/www.facebook.com\/ThePointeStCharlesArtSchool","https:\/\/www.instagram.com\/pointe.st.charles.artschool\/"]}]}},"_links":{"self":[{"href":"https:\/\/pointestcharlesartschool.org\/fr\/wp-json\/wp\/v2\/pages\/13368","targetHints":{"allow":["GET"]}}],"collection":[{"href":"https:\/\/pointestcharlesartschool.org\/fr\/wp-json\/wp\/v2\/pages"}],"about":[{"href":"https:\/\/pointestcharlesartschool.org\/fr\/wp-json\/wp\/v2\/types\/page"}],"author":[{"embeddable":true,"href":"https:\/\/pointestcharlesartschool.org\/fr\/wp-json\/wp\/v2\/users\/1"}],"replies":[{"embeddable":true,"href":"https:\/\/pointestcharlesartschool.org\/fr\/wp-json\/wp\/v2\/comments?post=13368"}],"version-history":[{"count":65,"href":"https:\/\/pointestcharlesartschool.org\/fr\/wp-json\/wp\/v2\/pages\/13368\/revisions"}],"predecessor-version":[{"id":16739,"href":"https:\/\/pointestcharlesartschool.org\/fr\/wp-json\/wp\/v2\/pages\/13368\/revisions\/16739"}],"wp:attachment":[{"href":"https:\/\/pointestcharlesartschool.org\/fr\/wp-json\/wp\/v2\/media?parent=13368"}],"curies":[{"name":"wp","href":"https:\/\/api.w.org\/{rel}","templated":true}]}}