{"id":2432,"date":"2015-03-27T18:39:08","date_gmt":"2015-03-27T22:39:08","guid":{"rendered":"https:\/\/pointestcharlesartschool.org\/?page_id=2432"},"modified":"2025-10-20T10:22:19","modified_gmt":"2025-10-20T14:22:19","slug":"nos-instructeurs","status":"publish","type":"page","link":"https:\/\/pointestcharlesartschool.org\/fr\/nos-instructeurs\/","title":{"rendered":"Enseignants"},"content":{"rendered":"[vc_row][vc_column][vc_column_text]\n<h2>Des enseignants exp\u00e9riment\u00e9s et cr\u00e9atifs<\/h2>\n<p><span style=\"font-size: 16px;\">Laissez nos enseignants comp\u00e9tents et imaginatifs vous inspirer.<\/span>[\/vc_column_text][\/vc_column][\/vc_row][vc_row][vc_column width=&nbsp;&raquo;1\/4&Prime;][vc_single_image image=&nbsp;&raquo;9232&Prime;][\/vc_column][vc_column width=&nbsp;&raquo;3\/4&Prime;][vc_column_text]\n<h3>Louise Drouin, B.F.A., M.A.<\/h3>\n<p>Titulaire d&rsquo;un baccalaur\u00e9at en beaux-arts et d&rsquo;une ma\u00eetrise en \u00e9ducation artistique de l&rsquo;Universit\u00e9 Concordia, Louise est une artiste\/\u00e9ducatrice en art et enseigne les beaux-arts, la peinture, le dessin et la gravure au Coll\u00e8ge Vanier de Montr\u00e9al depuis 25 ans. Elle a \u00e9galement faciliter des ateliers d&rsquo;auto-exploration et de cr\u00e9ativit\u00e9 \u00e0 tous les niveaux et poss\u00e8de une formation compl\u00e8te en peinture, en dessin et en techniques mixtes. Depuis 15 ans, sa passion est de peindre \u00e0 l&rsquo;aquarelle et d&rsquo;organiser des vacances artistiques en Jama\u00efque. Louise enseigne <a href=\"http:\/\/pointestcharlesartschool.org\/fr\/cours\/studio\/\" target=\"_blank\" rel=\"noopener\">Aquarelle et les techniques mixtes.<\/a>[\/vc_column_text][\/vc_column][\/vc_row][vc_row][vc_column width=&nbsp;&raquo;1\/4&Prime;][vc_single_image image=&nbsp;&raquo;2079&Prime; alignment=&nbsp;&raquo;none&nbsp;&raquo;][\/vc_column][vc_column width=&nbsp;&raquo;3\/4&Prime;][vc_column_text]\n<h3>Eberhard Froehlich, B.A., M.F.A.<\/h3>\n<p>Dipl\u00f4m\u00e9 de la New York Academy of Art en 1999, Eberhard a enseign\u00e9 le dessin et la peinture dans des coll\u00e8ges de la r\u00e9gion de Baltimore pendant six ans. Il a ensuite pass\u00e9 plusieurs ann\u00e9es comme artiste \u00e0 Leipzig et \u00e0 Berlin, avant de s&rsquo;installer \u00e0 Montr\u00e9al en 2012, o\u00f9 il travaille et expose en tant que peintre de plein air, de paysages et de figures. Ses ouvres sont principalement fait \u00e0 la peinture \u00e0 l\u2019huile, appliqu\u00e9e en couches minces et directes. Le r\u00e9sultat est un r\u00e9alisme discret bas\u00e9 sur des relations tonales claires. Eberhard Froehlich peint autant que possible \u00e0 partir de l&rsquo;observation mais cr\u00e9e \u00e9galement de m\u00e9moire et d&rsquo;imagination, incluant souvent du mouvement et impliquant une narration dans ses compositions figuratives. Les \u0153uvres d&rsquo;Eberhard Froehlich font partie de collections publiques et priv\u00e9es au Canada, aux \u00c9tats-Unis et en Allemagne. Eberhard enseigne <a href=\"http:\/\/pointestcharlesartschool.org\/fr\/cours\/studio\/\" target=\"_blank\" rel=\"noopener\">Painting Techniques <\/a>et son site web est <a href=\"https:\/\/www.art-3000.com\/artist\/Eberhard_Froehlich\/\" target=\"_blank\" rel=\"noopener\">art-3000.com\/artist\/Eberhard_Froehlich\/<\/a>[\/vc_column_text][\/vc_column][\/vc_row][vc_row][vc_column width=&nbsp;&raquo;1\/4&Prime;][vc_single_image image=&nbsp;&raquo;15951&Prime; img_size=&nbsp;&raquo;300&#215;300 thumbnail&nbsp;&raquo;][\/vc_column][vc_column width=&nbsp;&raquo;3\/4&Prime;][vc_column_text]\n<h3 class=\"p1\">Tina Jubinville<\/h3>\n<p class=\"p1\">Tina est une artiste visuelle avec une formation en gravure et en techniques mixtes. Les arts du livre et le collage font \u00e9galement partie de sa pratique artistique depuis 20 ans. Elle a obtenu son dipl\u00f4me de l&rsquo;\u00c9cole d&rsquo;art d&rsquo;Ottawa en 2003 et poursuit actuellement un baccalaur\u00e9at en enseignement des arts plastiques \u00e0 l&rsquo;Universit\u00e9 Concordia. Son approche artistique est ax\u00e9e sur le processus et l&rsquo;exploration, se concentrant sur le parcours cr\u00e9atif plut\u00f4t que sur le r\u00e9sultat final. Chaque \u00e9tape du processus informe la suivante. L&rsquo;exp\u00e9rimentation avec les mat\u00e9riaux et les techniques est au c\u0153ur de sa pratique et elle s&rsquo;int\u00e9resse particuli\u00e8rement \u00e0 la relation et aux r\u00e9actions entre le m\u00e9dium et la surface. Son travail, souvent surr\u00e9aliste et absurde, examine nos liens et nos interactions avec la nature et notre environnement.<\/p>\n[\/vc_column_text][\/vc_column][\/vc_row][vc_row][vc_column width=&nbsp;&raquo;1\/4&Prime;][vc_single_image image=&nbsp;&raquo;2078&Prime; alignment=&nbsp;&raquo;none&nbsp;&raquo;][\/vc_column][vc_column width=&nbsp;&raquo;3\/4&Prime;][vc_column_text]\n<h3>Barry MacPherson, B.F.A.<\/h3>\n<p>Dipl\u00f4m\u00e9 du Nova Scotia College of Art and Design en 1973, Barry a poursuivi sa carri\u00e8re d&rsquo;artiste et a \u00e9galement enseign\u00e9 la photographie, la peinture, la r\u00e9alisation de films et l&rsquo;animation aux enfants et aux adultes. Bien qu&rsquo;il ait officiellement \u00e9tudi\u00e9 dans un environnement conceptuel au NSCAD, Barry travaille principalement \u00e0 l&rsquo;huile et \u00e0 l&rsquo;acrylique et ses r\u00e9centes peintures s\u2019inspirent davantage de la pertinence des th\u00e8mes et des mots. Une grande partie de son travail s&rsquo;inspire d&rsquo;influences du pass\u00e9 et se situe dans le pr\u00e9sent. Barry r\u00e9side actuellement \u00e0 Montr\u00e9al et travaille dans son studio au EK Voland Art Center. Il a particip\u00e9 \u00e0 l&rsquo;exposition &laquo;&nbsp;Traffic&nbsp;&raquo; Conceptual Art in Canada 1965-1980, qui a r\u00e9cemment mis fin \u00e0 une tourn\u00e9e de deux ans \u00e0 travers le Canada en 2013. Son site web est <a href=\"https:\/\/barrymacpherson.wordpress.com\/\" target=\"_blank\" rel=\"noopener\">barrymacpherson.wordpress.com.<\/a>[\/vc_column_text][\/vc_column][\/vc_row][vc_row][vc_column width=&nbsp;&raquo;1\/4&Prime;][vc_single_image image=&nbsp;&raquo;14036&Prime;][\/vc_column][vc_column width=&nbsp;&raquo;3\/4&Prime;][vc_column_text]\n<h3>Jaclyn Turner<\/h3>\n<p><span lang=\"FR-CA\">Jaclyn est dipl\u00f4m\u00e9e du d\u00e9partement d&rsquo;architecture de l&rsquo;Universit\u00e9 Kansas State. Sp\u00e9cialis\u00e9e dans les environnements 3d et la visualisation architecturale, elle a travaill\u00e9 sur maintes projets internationaux pour des cabinets d&rsquo;architecture \u00e0 travers l\u2019Am\u00e9rique du Nord. En 2019, elle est pass\u00e9e au design pour le \u00a0th\u00e9\u00e2tre, en concevant le d\u00e9cor d&rsquo;Encore et les projections de Blackout et Winter&rsquo;s Daughter, tous pour le Th\u00e9\u00e2tre Tableau D&rsquo;H\u00f4te. Toujours avec Tableau D&rsquo;H\u00f4te, elle adapte actuellement leur s\u00e9rie de th\u00e9\u00e2tre de rue bilingue En Pointe en webcomics, bient\u00f4t publi\u00e9s en roman graphique.\u00a0<\/span><span lang=\"FR-CA\"><u><\/u>\u00a0<\/span>[\/vc_column_text][\/vc_column][\/vc_row][vc_row][vc_column width=&nbsp;&raquo;1\/4&Prime;][vc_single_image image=&nbsp;&raquo;9464&Prime;][\/vc_column][vc_column width=&nbsp;&raquo;3\/4&Prime;][vc_column_text]\n<h3>Kristina Urquhart, B.A.<\/h3>\n<p>Kristina est une artiste multidisciplinaire \u00e0 multiples formations g\u00e9n\u00e9rales en photographie, c\u00e9ramique, gravure, sculpture, textiles, installation et peinture ainsi que titulaire d\u2019un baccalaur\u00e9at en sociologie de l&rsquo;universit\u00e9 de Waterloo, Ontario. Elle a suivi le programme de photographie professionnelle du Langara College et l&rsquo;Emily Carr University of Art and Design \u00e0 Vancouver, en Colombie-Britannique, ainsi que la Grennan Mill Craft School et le Kilkenny College of Art and Design en Irlande. Kristina est une \u00e9ducatrice artistique exp\u00e9riment\u00e9e et enthousiaste qui croit que de cr\u00e9er de l&rsquo;art en compagnie d&rsquo;autres personnes est l&rsquo;un des plus grands plaisirs de la vie, et que des programmes artistiques accessibles offrent des avantages de grande port\u00e9e pour tous les \u00e2ges. Kristina enseigne <a href=\"http:\/\/pointestcharlesartschool.org\/fr\/cours\/studio\/\" target=\"_blank\" rel=\"noopener\">Introduction \u00e0 l\u2019impression en relief.<\/a>[\/vc_column_text][\/vc_column][\/vc_row][vc_row][vc_column width=&nbsp;&raquo;1\/4&Prime;][vc_single_image image=&nbsp;&raquo;9474&Prime;][\/vc_column][vc_column width=&nbsp;&raquo;3\/4&Prime;][vc_column_text]\n<h3>Catherine Wells, B.F.A., M.A.<\/h3>\n<p>Catherine est art-th\u00e9rapeute et artiste, directrice de l&rsquo;\u00c9cole d&rsquo;art de Pointe-Saint-Charles, et membre professionnel de l&rsquo;Association des art-th\u00e9rapeutes du Qu\u00e9bec. Elle a travaill\u00e9 dans les milieux artistiques, m\u00e9dicaux, \u00e9ducatifs, communautaires et corporatifs avec des individus et des groupes de tous \u00e2ges. Actuellement, elle travaille comme art-th\u00e9rapeute \u00e0 l&rsquo;\u00e9cole d&rsquo;art et est art-th\u00e9rapeute \u00e0 Chez Doris, un refuge pour femmes \u00e0 Montr\u00e9al. Elle a \u00e9galement un pratique priv\u00e9e d&rsquo;art-th\u00e9rapie et travaille comme peintre. Catherine est la directrice de l&rsquo;\u00e9cole et enseigne <a href=\"http:\/\/pointestcharlesartschool.org\/fr\/cours\/cours-en-studio\/\">Dessin : Technique, expression et style !\u00a0<\/a> Son site web est <a href=\"https:\/\/www.artandmind.ca\/\" target=\"_blank\" rel=\"noopener\">artandmind.ca.<\/a>[\/vc_column_text][\/vc_column][\/vc_row][vc_row][vc_column][vc_column_text]\n<p style=\"text-align: center;\"><span style=\"font-size: 16px;\">L&rsquo;\u00c9cole d&rsquo;art de Pointe-Saint-Charles est un organisme \u00e0 but non lucratif qui offre des cours et des ateliers d&rsquo;arts visuels<br \/>\n<\/span><span style=\"font-size: 16px;\">\u00e0 prix abordable pour les gens de tous les niveaux et de tous les horizons.<\/span><\/p>\n<p style=\"text-align: center;\"><a href=\"http:\/\/pointestcharlesartschool.org\/fr\/contact\/\">Contact<\/a> | <a href=\"http:\/\/pointestcharlesartschool.org\/our-teachers\/\" target=\"_blank\" rel=\"noopener noreferrer\"><strong>English<\/strong><\/a><\/p>\n[\/vc_column_text][\/vc_column][\/vc_row][vc_column width=&nbsp;&raquo;1\/4&Prime;][vc_column_text]\n[\/vc_column_text][\/vc_column][vc_column width=&nbsp;&raquo;1\/4&Prime;][vc_column_text]\n[\/vc_column_text][\/vc_column][vc_column width=&nbsp;&raquo;1\/4&Prime;][vc_column_text]\n[\/vc_column_text][\/vc_column][vc_column width=&nbsp;&raquo;1\/4&Prime;][vc_column_text]\n[\/vc_column_text][\/vc_column]\n","protected":false},"excerpt":{"rendered":"<p>[vc_row][vc_column][vc_column_text] Des enseignants exp\u00e9riment\u00e9s et cr\u00e9atifs Laissez nos enseignants comp\u00e9tents et imaginatifs vous inspirer.[\/vc_column_text][\/vc_column][\/vc_row][vc_row][vc_column width=&nbsp;&raquo;1\/4&Prime;][vc_single_image image=&nbsp;&raquo;9232&Prime;][\/vc_column][vc_column width=&nbsp;&raquo;3\/4&Prime;][vc_column_text] Louise Drouin, B.F.A., M.A. Titulaire d&rsquo;un baccalaur\u00e9at en beaux-arts et d&rsquo;une ma\u00eetrise en \u00e9ducation artistique de l&rsquo;Universit\u00e9 Concordia, Louise est une artiste\/\u00e9ducatrice en&hellip;<\/p>\n","protected":false},"author":1,"featured_media":0,"parent":0,"menu_order":0,"comment_status":"closed","ping_status":"closed","template":"","meta":{"footnotes":""},"class_list":["post-2432","page","type-page","status-publish","hentry","entry","no-media"],"yoast_head":"<!-- This site is optimized with the Yoast SEO plugin v27.4 - https:\/\/yoast.com\/product\/yoast-seo-wordpress\/ -->\n<title>Enseignants<\/title>\n<meta name=\"robots\" content=\"index, follow, max-snippet:-1, max-image-preview:large, max-video-preview:-1\" \/>\n<link rel=\"canonical\" href=\"https:\/\/pointestcharlesartschool.org\/fr\/nos-instructeurs\/\" \/>\n<meta property=\"og:locale\" content=\"fr_FR\" \/>\n<meta property=\"og:type\" content=\"article\" \/>\n<meta property=\"og:title\" content=\"Enseignants\" \/>\n<meta property=\"og:description\" content=\"[vc_row][vc_column][vc_column_text] Des enseignants exp\u00e9riment\u00e9s et cr\u00e9atifs Laissez nos enseignants comp\u00e9tents et imaginatifs vous inspirer.[\/vc_column_text][\/vc_column][\/vc_row][vc_row][vc_column width=&nbsp;&raquo;1\/4&Prime;][vc_single_image image=&nbsp;&raquo;9232&Prime;][\/vc_column][vc_column width=&nbsp;&raquo;3\/4&Prime;][vc_column_text] Louise Drouin, B.F.A., M.A. Titulaire d&rsquo;un baccalaur\u00e9at en beaux-arts et d&rsquo;une ma\u00eetrise en \u00e9ducation artistique de l&rsquo;Universit\u00e9 Concordia, Louise est une artiste\/\u00e9ducatrice en&hellip;\" \/>\n<meta property=\"og:url\" content=\"https:\/\/pointestcharlesartschool.org\/fr\/nos-instructeurs\/\" \/>\n<meta property=\"og:site_name\" content=\"\u00c9cole d&#039;art Pointe-Saint-Charles Art School\" \/>\n<meta property=\"article:publisher\" content=\"https:\/\/www.facebook.com\/ThePointeStCharlesArtSchool\" \/>\n<meta property=\"article:modified_time\" content=\"2025-10-20T14:22:19+00:00\" \/>\n<meta name=\"twitter:label1\" content=\"Dur\u00e9e de lecture estim\u00e9e\" \/>\n\t<meta name=\"twitter:data1\" content=\"5 minutes\" \/>\n<script type=\"application\/ld+json\" class=\"yoast-schema-graph\">{\"@context\":\"https:\\\/\\\/schema.org\",\"@graph\":[{\"@type\":\"WebPage\",\"@id\":\"https:\\\/\\\/pointestcharlesartschool.org\\\/fr\\\/nos-instructeurs\\\/\",\"url\":\"https:\\\/\\\/pointestcharlesartschool.org\\\/fr\\\/nos-instructeurs\\\/\",\"name\":\"Enseignants\",\"isPartOf\":{\"@id\":\"https:\\\/\\\/pointestcharlesartschool.org\\\/#website\"},\"datePublished\":\"2015-03-27T22:39:08+00:00\",\"dateModified\":\"2025-10-20T14:22:19+00:00\",\"breadcrumb\":{\"@id\":\"https:\\\/\\\/pointestcharlesartschool.org\\\/fr\\\/nos-instructeurs\\\/#breadcrumb\"},\"inLanguage\":\"fr-FR\",\"potentialAction\":[{\"@type\":\"ReadAction\",\"target\":[\"https:\\\/\\\/pointestcharlesartschool.org\\\/fr\\\/nos-instructeurs\\\/\"]}]},{\"@type\":\"BreadcrumbList\",\"@id\":\"https:\\\/\\\/pointestcharlesartschool.org\\\/fr\\\/nos-instructeurs\\\/#breadcrumb\",\"itemListElement\":[{\"@type\":\"ListItem\",\"position\":1,\"name\":\"Home\",\"item\":\"https:\\\/\\\/pointestcharlesartschool.org\\\/fr\\\/\"},{\"@type\":\"ListItem\",\"position\":2,\"name\":\"Enseignants\"}]},{\"@type\":\"WebSite\",\"@id\":\"https:\\\/\\\/pointestcharlesartschool.org\\\/#website\",\"url\":\"https:\\\/\\\/pointestcharlesartschool.org\\\/\",\"name\":\"\u00c9cole d&#039;art Pointe-Saint-Charles Art School\",\"description\":\"Art Classes and Courses in Drawing, Painting, Watercolour, sculpture and art workshops in Montreal.\",\"publisher\":{\"@id\":\"https:\\\/\\\/pointestcharlesartschool.org\\\/#organization\"},\"potentialAction\":[{\"@type\":\"SearchAction\",\"target\":{\"@type\":\"EntryPoint\",\"urlTemplate\":\"https:\\\/\\\/pointestcharlesartschool.org\\\/?s={search_term_string}\"},\"query-input\":{\"@type\":\"PropertyValueSpecification\",\"valueRequired\":true,\"valueName\":\"search_term_string\"}}],\"inLanguage\":\"fr-FR\"},{\"@type\":\"Organization\",\"@id\":\"https:\\\/\\\/pointestcharlesartschool.org\\\/#organization\",\"name\":\"\u00c9cole d&#039;art Pointe-Saint-Charles Art School\",\"url\":\"https:\\\/\\\/pointestcharlesartschool.org\\\/\",\"logo\":{\"@type\":\"ImageObject\",\"inLanguage\":\"fr-FR\",\"@id\":\"https:\\\/\\\/pointestcharlesartschool.org\\\/#\\\/schema\\\/logo\\\/image\\\/\",\"url\":\"https:\\\/\\\/pointestcharlesartschool.org\\\/wp-content\\\/uploads\\\/2014\\\/09\\\/artschool-horizontal100h.png\",\"contentUrl\":\"https:\\\/\\\/pointestcharlesartschool.org\\\/wp-content\\\/uploads\\\/2014\\\/09\\\/artschool-horizontal100h.png\",\"width\":257,\"height\":100,\"caption\":\"\u00c9cole d&#039;art Pointe-Saint-Charles Art School\"},\"image\":{\"@id\":\"https:\\\/\\\/pointestcharlesartschool.org\\\/#\\\/schema\\\/logo\\\/image\\\/\"},\"sameAs\":[\"https:\\\/\\\/www.facebook.com\\\/ThePointeStCharlesArtSchool\",\"https:\\\/\\\/www.instagram.com\\\/pointe.st.charles.artschool\\\/\"]}]}<\/script>\n<!-- \/ Yoast SEO plugin. -->","yoast_head_json":{"title":"Enseignants","robots":{"index":"index","follow":"follow","max-snippet":"max-snippet:-1","max-image-preview":"max-image-preview:large","max-video-preview":"max-video-preview:-1"},"canonical":"https:\/\/pointestcharlesartschool.org\/fr\/nos-instructeurs\/","og_locale":"fr_FR","og_type":"article","og_title":"Enseignants","og_description":"[vc_row][vc_column][vc_column_text] Des enseignants exp\u00e9riment\u00e9s et cr\u00e9atifs Laissez nos enseignants comp\u00e9tents et imaginatifs vous inspirer.[\/vc_column_text][\/vc_column][\/vc_row][vc_row][vc_column width=&nbsp;&raquo;1\/4&Prime;][vc_single_image image=&nbsp;&raquo;9232&Prime;][\/vc_column][vc_column width=&nbsp;&raquo;3\/4&Prime;][vc_column_text] Louise Drouin, B.F.A., M.A. Titulaire d&rsquo;un baccalaur\u00e9at en beaux-arts et d&rsquo;une ma\u00eetrise en \u00e9ducation artistique de l&rsquo;Universit\u00e9 Concordia, Louise est une artiste\/\u00e9ducatrice en&hellip;","og_url":"https:\/\/pointestcharlesartschool.org\/fr\/nos-instructeurs\/","og_site_name":"\u00c9cole d&#039;art Pointe-Saint-Charles Art School","article_publisher":"https:\/\/www.facebook.com\/ThePointeStCharlesArtSchool","article_modified_time":"2025-10-20T14:22:19+00:00","twitter_misc":{"Dur\u00e9e de lecture estim\u00e9e":"5 minutes"},"schema":{"@context":"https:\/\/schema.org","@graph":[{"@type":"WebPage","@id":"https:\/\/pointestcharlesartschool.org\/fr\/nos-instructeurs\/","url":"https:\/\/pointestcharlesartschool.org\/fr\/nos-instructeurs\/","name":"Enseignants","isPartOf":{"@id":"https:\/\/pointestcharlesartschool.org\/#website"},"datePublished":"2015-03-27T22:39:08+00:00","dateModified":"2025-10-20T14:22:19+00:00","breadcrumb":{"@id":"https:\/\/pointestcharlesartschool.org\/fr\/nos-instructeurs\/#breadcrumb"},"inLanguage":"fr-FR","potentialAction":[{"@type":"ReadAction","target":["https:\/\/pointestcharlesartschool.org\/fr\/nos-instructeurs\/"]}]},{"@type":"BreadcrumbList","@id":"https:\/\/pointestcharlesartschool.org\/fr\/nos-instructeurs\/#breadcrumb","itemListElement":[{"@type":"ListItem","position":1,"name":"Home","item":"https:\/\/pointestcharlesartschool.org\/fr\/"},{"@type":"ListItem","position":2,"name":"Enseignants"}]},{"@type":"WebSite","@id":"https:\/\/pointestcharlesartschool.org\/#website","url":"https:\/\/pointestcharlesartschool.org\/","name":"\u00c9cole d&#039;art Pointe-Saint-Charles Art School","description":"Art Classes and Courses in Drawing, Painting, Watercolour, sculpture and art workshops in Montreal.","publisher":{"@id":"https:\/\/pointestcharlesartschool.org\/#organization"},"potentialAction":[{"@type":"SearchAction","target":{"@type":"EntryPoint","urlTemplate":"https:\/\/pointestcharlesartschool.org\/?s={search_term_string}"},"query-input":{"@type":"PropertyValueSpecification","valueRequired":true,"valueName":"search_term_string"}}],"inLanguage":"fr-FR"},{"@type":"Organization","@id":"https:\/\/pointestcharlesartschool.org\/#organization","name":"\u00c9cole d&#039;art Pointe-Saint-Charles Art School","url":"https:\/\/pointestcharlesartschool.org\/","logo":{"@type":"ImageObject","inLanguage":"fr-FR","@id":"https:\/\/pointestcharlesartschool.org\/#\/schema\/logo\/image\/","url":"https:\/\/pointestcharlesartschool.org\/wp-content\/uploads\/2014\/09\/artschool-horizontal100h.png","contentUrl":"https:\/\/pointestcharlesartschool.org\/wp-content\/uploads\/2014\/09\/artschool-horizontal100h.png","width":257,"height":100,"caption":"\u00c9cole d&#039;art Pointe-Saint-Charles Art School"},"image":{"@id":"https:\/\/pointestcharlesartschool.org\/#\/schema\/logo\/image\/"},"sameAs":["https:\/\/www.facebook.com\/ThePointeStCharlesArtSchool","https:\/\/www.instagram.com\/pointe.st.charles.artschool\/"]}]}},"_links":{"self":[{"href":"https:\/\/pointestcharlesartschool.org\/fr\/wp-json\/wp\/v2\/pages\/2432","targetHints":{"allow":["GET"]}}],"collection":[{"href":"https:\/\/pointestcharlesartschool.org\/fr\/wp-json\/wp\/v2\/pages"}],"about":[{"href":"https:\/\/pointestcharlesartschool.org\/fr\/wp-json\/wp\/v2\/types\/page"}],"author":[{"embeddable":true,"href":"https:\/\/pointestcharlesartschool.org\/fr\/wp-json\/wp\/v2\/users\/1"}],"replies":[{"embeddable":true,"href":"https:\/\/pointestcharlesartschool.org\/fr\/wp-json\/wp\/v2\/comments?post=2432"}],"version-history":[{"count":144,"href":"https:\/\/pointestcharlesartschool.org\/fr\/wp-json\/wp\/v2\/pages\/2432\/revisions"}],"predecessor-version":[{"id":16660,"href":"https:\/\/pointestcharlesartschool.org\/fr\/wp-json\/wp\/v2\/pages\/2432\/revisions\/16660"}],"wp:attachment":[{"href":"https:\/\/pointestcharlesartschool.org\/fr\/wp-json\/wp\/v2\/media?parent=2432"}],"curies":[{"name":"wp","href":"https:\/\/api.w.org\/{rel}","templated":true}]}}