{"id":3403,"date":"2015-06-25T14:45:45","date_gmt":"2015-06-25T18:45:45","guid":{"rendered":"http:\/\/ecoledartpointestcharles.ca\/?page_id=3403"},"modified":"2024-08-13T11:30:59","modified_gmt":"2024-08-13T15:30:59","slug":"cours-pour-enfants","status":"publish","type":"page","link":"https:\/\/pointestcharlesartschool.org\/fr\/cours\/cours-pour-enfants\/","title":{"rendered":"Cours pour enfants et ados"},"content":{"rendered":"[vc_row][vc_column][vc_column_text]\n<div class=\"vc_row wpb_row vc_row-fluid\">\n<div class=\"wpb_column vc_column_container vc_col-sm-12\">\n<div class=\"vc_column-inner\">\n<div class=\"wpb_wrapper\">\n<div class=\"wpb_text_column wpb_content_element \">\n<div class=\"wpb_wrapper\">\n<p>L\u2019<strong>\u00c9cole d\u2019art de Pointe-Saint-Charles<\/strong>\u00a0offre une vari\u00e9t\u00e9 de cours pour les \u00e9tudiants de tous les niveaux et de tous les milieux.<\/p>\n<\/div>\n<\/div>\n<\/div>\n<\/div>\n<\/div>\n<\/div>\n<div class=\"vc_row wpb_row vc_row-fluid\">\n<div class=\"wpb_column vc_column_container vc_col-sm-4\">\n<div class=\"vc_column-inner\">\n<div class=\"wpb_wrapper\"><\/div>\n<\/div>\n<\/div>\n<\/div>\n[\/vc_column_text][\/vc_column][\/vc_row][vc_row][vc_column][vc_column_text]\n<h2><span style=\"font-size: 24px;\">Notre approche<\/span><\/h2>\n<p><span style=\"font-size: 14px;\">Le programme d&rsquo;art pour enfants de <strong>L&rsquo;\u00e9cole d&rsquo;art de Pointe-Saint-Charles<\/strong> a comme objectif d\u2019enseigner aux enfants une vari\u00e9t\u00e9 de techniques et d\u2019encourager l\u2019expression de leur cr\u00e9ativit\u00e9 par l\u2019interm\u00e9diaire de professionnels des diff\u00e9rents domaines artistiques.. Des professeurs d&rsquo;art comp\u00e9tents, qualifi\u00e9s et talentueux offrent \u00e0 vos enfants l\u2019occasion d&rsquo;apprendre et d&rsquo;appr\u00e9cier l&rsquo;art dans des locaux judicieusement am\u00e9nag\u00e9s et l&rsquo;atmosph\u00e8re accueillante de l&rsquo;\u00e9cole d&rsquo;art de Pointe-Saint-Charles.<\/span><\/p>\n<p><span style=\"font-size: 14px;\">Les d\u00e9couvertes des\u00a0enfants qui explorent un m\u00e9dium artistique contribuent au d\u00e9veloppement de leur sensibilit\u00e9 et de leur autodiscipline. D\u2019une part, leur confiance, leurs comp\u00e9tences et leurs aptitudes\u00a0communicationnelles sont sollicit\u00e9es et, d\u2019autre part, leurs habilet\u00e9s artistiques sont stimul\u00e9es.<\/span><\/p>\n<p><span style=\"font-size: 14px;\">Laissez nos professeurs exp\u00e9riment\u00e9s d\u00e9bordant d&rsquo;imagination inspirer vos enfants et leur offrir la chance de d\u00e9couvrir et de pratiquer l&rsquo;art!<\/span><\/p>\n<p>&nbsp;<\/p>\n<p><span style=\"color: #993300;\"><strong><span style=\"font-size: 18px;\">Nous ne proposerons pas de cours pour enfants \u00e0 l&rsquo;automne 2024. Nous vous remercions de votre compr\u00e9hension !<\/span><\/strong><\/span>[\/vc_column_text][\/vc_column][\/vc_row][vc_row][vc_column][vc_empty_space height=&nbsp;&raquo;15px&nbsp;&raquo;][\/vc_column][\/vc_row][vc_row][vc_column width=&nbsp;&raquo;1\/4&Prime;][vc_single_image image=&nbsp;&raquo;10329&Prime; img_size=&nbsp;&raquo;450&#215;450&Prime;][\/vc_column][vc_column width=&nbsp;&raquo;1\/4&Prime;][vc_single_image image=&nbsp;&raquo;10331&Prime; img_size=&nbsp;&raquo;450&#215;450&Prime;][\/vc_column][vc_column width=&nbsp;&raquo;1\/4&Prime;][vc_single_image image=&nbsp;&raquo;10333&Prime; img_size=&nbsp;&raquo;450&#215;450&Prime;][\/vc_column][vc_column width=&nbsp;&raquo;1\/4&Prime;][vc_single_image image=&nbsp;&raquo;10335&Prime; img_size=&nbsp;&raquo;450&#215;450&Prime;][\/vc_column][\/vc_row][vc_row][vc_column][vc_column_text]\n<hr \/>\n<p style=\"text-align: center;\">L\u2019<strong>\u00c9cole d\u2019art Pointe-Saint-Charles<\/strong> de\u00a0Montr\u00e9al est un organisme de bienfaisance enregistr\u00e9 \u00e0 but non lucratif offrant des <strong>cours d\u2019art <\/strong>\u00e0 des prix abordables pour les \u00e9tudiants de tous niveaux et de tous horizons.<\/p>\n<p style=\"text-align: center;\"><a href=\"http:\/\/ecoledartpointestcharles.ca\/contact\/\">Contact<\/a> | <a href=\"http:\/\/pointestcharlesartschool.org\/classes\/childrens-classes\/\"><strong>English<\/strong><\/a><\/p>\n[\/vc_column_text][\/vc_column][\/vc_row][vc_row][vc_column][vc_column_text]\n[\/vc_column_text][\/vc_column][\/vc_row][vc_row][vc_column][vc_column_text]\n[\/vc_column_text][\/vc_column][\/vc_row]\n","protected":false},"excerpt":{"rendered":"<p>[vc_row][vc_column][vc_column_text] L\u2019\u00c9cole d\u2019art de Pointe-Saint-Charles\u00a0offre une vari\u00e9t\u00e9 de cours pour les \u00e9tudiants de tous les niveaux et de tous les milieux. [\/vc_column_text][\/vc_column][\/vc_row][vc_row][vc_column][vc_column_text] Notre approche Le programme d&rsquo;art pour enfants de L&rsquo;\u00e9cole d&rsquo;art de Pointe-Saint-Charles a comme objectif d\u2019enseigner aux enfants&hellip;<\/p>\n","protected":false},"author":1,"featured_media":0,"parent":1309,"menu_order":0,"comment_status":"closed","ping_status":"closed","template":"","meta":{"footnotes":""},"class_list":["post-3403","page","type-page","status-publish","hentry","entry","no-media"],"yoast_head":"<!-- This site is optimized with the Yoast SEO plugin v27.6 - https:\/\/yoast.com\/product\/yoast-seo-wordpress\/ -->\n<title>Cours pour enfants et ados<\/title>\n<meta name=\"robots\" content=\"index, follow, max-snippet:-1, max-image-preview:large, max-video-preview:-1\" \/>\n<link rel=\"canonical\" href=\"https:\/\/pointestcharlesartschool.org\/fr\/cours\/cours-pour-enfants\/\" \/>\n<meta property=\"og:locale\" content=\"fr_FR\" \/>\n<meta property=\"og:type\" content=\"article\" \/>\n<meta property=\"og:title\" content=\"Cours pour enfants et ados\" \/>\n<meta property=\"og:description\" content=\"[vc_row][vc_column][vc_column_text] L\u2019\u00c9cole d\u2019art de Pointe-Saint-Charles\u00a0offre une vari\u00e9t\u00e9 de cours pour les \u00e9tudiants de tous les niveaux et de tous les milieux. [\/vc_column_text][\/vc_column][\/vc_row][vc_row][vc_column][vc_column_text] Notre approche Le programme d&rsquo;art pour enfants de L&rsquo;\u00e9cole d&rsquo;art de Pointe-Saint-Charles a comme objectif d\u2019enseigner aux enfants&hellip;\" \/>\n<meta property=\"og:url\" content=\"https:\/\/pointestcharlesartschool.org\/fr\/cours\/cours-pour-enfants\/\" \/>\n<meta property=\"og:site_name\" content=\"\u00c9cole d&#039;art Pointe-Saint-Charles Art School\" \/>\n<meta property=\"article:publisher\" content=\"https:\/\/www.facebook.com\/ThePointeStCharlesArtSchool\" \/>\n<meta property=\"article:modified_time\" content=\"2024-08-13T15:30:59+00:00\" \/>\n<meta name=\"twitter:label1\" content=\"Dur\u00e9e de lecture estim\u00e9e\" \/>\n\t<meta name=\"twitter:data1\" content=\"2 minutes\" \/>\n<script type=\"application\/ld+json\" class=\"yoast-schema-graph\">{\"@context\":\"https:\\\/\\\/schema.org\",\"@graph\":[{\"@type\":\"WebPage\",\"@id\":\"https:\\\/\\\/pointestcharlesartschool.org\\\/fr\\\/cours\\\/cours-pour-enfants\\\/\",\"url\":\"https:\\\/\\\/pointestcharlesartschool.org\\\/fr\\\/cours\\\/cours-pour-enfants\\\/\",\"name\":\"Cours pour enfants et ados\",\"isPartOf\":{\"@id\":\"https:\\\/\\\/pointestcharlesartschool.org\\\/#website\"},\"datePublished\":\"2015-06-25T18:45:45+00:00\",\"dateModified\":\"2024-08-13T15:30:59+00:00\",\"breadcrumb\":{\"@id\":\"https:\\\/\\\/pointestcharlesartschool.org\\\/fr\\\/cours\\\/cours-pour-enfants\\\/#breadcrumb\"},\"inLanguage\":\"fr-FR\",\"potentialAction\":[{\"@type\":\"ReadAction\",\"target\":[\"https:\\\/\\\/pointestcharlesartschool.org\\\/fr\\\/cours\\\/cours-pour-enfants\\\/\"]}]},{\"@type\":\"BreadcrumbList\",\"@id\":\"https:\\\/\\\/pointestcharlesartschool.org\\\/fr\\\/cours\\\/cours-pour-enfants\\\/#breadcrumb\",\"itemListElement\":[{\"@type\":\"ListItem\",\"position\":1,\"name\":\"Home\",\"item\":\"https:\\\/\\\/pointestcharlesartschool.org\\\/fr\\\/\"},{\"@type\":\"ListItem\",\"position\":2,\"name\":\"Les cours\",\"item\":\"https:\\\/\\\/pointestcharlesartschool.org\\\/fr\\\/cours\\\/\"},{\"@type\":\"ListItem\",\"position\":3,\"name\":\"Cours pour enfants et&hellip;\"}]},{\"@type\":\"WebSite\",\"@id\":\"https:\\\/\\\/pointestcharlesartschool.org\\\/#website\",\"url\":\"https:\\\/\\\/pointestcharlesartschool.org\\\/\",\"name\":\"\u00c9cole d&#039;art Pointe-Saint-Charles Art School\",\"description\":\"Art Classes and Courses in Drawing, Painting, Watercolour, sculpture and art workshops in Montreal.\",\"publisher\":{\"@id\":\"https:\\\/\\\/pointestcharlesartschool.org\\\/#organization\"},\"potentialAction\":[{\"@type\":\"SearchAction\",\"target\":{\"@type\":\"EntryPoint\",\"urlTemplate\":\"https:\\\/\\\/pointestcharlesartschool.org\\\/?s={search_term_string}\"},\"query-input\":{\"@type\":\"PropertyValueSpecification\",\"valueRequired\":true,\"valueName\":\"search_term_string\"}}],\"inLanguage\":\"fr-FR\"},{\"@type\":\"Organization\",\"@id\":\"https:\\\/\\\/pointestcharlesartschool.org\\\/#organization\",\"name\":\"\u00c9cole d&#039;art Pointe-Saint-Charles Art School\",\"url\":\"https:\\\/\\\/pointestcharlesartschool.org\\\/\",\"logo\":{\"@type\":\"ImageObject\",\"inLanguage\":\"fr-FR\",\"@id\":\"https:\\\/\\\/pointestcharlesartschool.org\\\/#\\\/schema\\\/logo\\\/image\\\/\",\"url\":\"https:\\\/\\\/pointestcharlesartschool.org\\\/wp-content\\\/uploads\\\/2014\\\/09\\\/artschool-horizontal100h.png\",\"contentUrl\":\"https:\\\/\\\/pointestcharlesartschool.org\\\/wp-content\\\/uploads\\\/2014\\\/09\\\/artschool-horizontal100h.png\",\"width\":257,\"height\":100,\"caption\":\"\u00c9cole d&#039;art Pointe-Saint-Charles Art School\"},\"image\":{\"@id\":\"https:\\\/\\\/pointestcharlesartschool.org\\\/#\\\/schema\\\/logo\\\/image\\\/\"},\"sameAs\":[\"https:\\\/\\\/www.facebook.com\\\/ThePointeStCharlesArtSchool\",\"https:\\\/\\\/www.instagram.com\\\/pointe.st.charles.artschool\\\/\"]}]}<\/script>\n<!-- \/ Yoast SEO plugin. -->","yoast_head_json":{"title":"Cours pour enfants et ados","robots":{"index":"index","follow":"follow","max-snippet":"max-snippet:-1","max-image-preview":"max-image-preview:large","max-video-preview":"max-video-preview:-1"},"canonical":"https:\/\/pointestcharlesartschool.org\/fr\/cours\/cours-pour-enfants\/","og_locale":"fr_FR","og_type":"article","og_title":"Cours pour enfants et ados","og_description":"[vc_row][vc_column][vc_column_text] L\u2019\u00c9cole d\u2019art de Pointe-Saint-Charles\u00a0offre une vari\u00e9t\u00e9 de cours pour les \u00e9tudiants de tous les niveaux et de tous les milieux. [\/vc_column_text][\/vc_column][\/vc_row][vc_row][vc_column][vc_column_text] Notre approche Le programme d&rsquo;art pour enfants de L&rsquo;\u00e9cole d&rsquo;art de Pointe-Saint-Charles a comme objectif d\u2019enseigner aux enfants&hellip;","og_url":"https:\/\/pointestcharlesartschool.org\/fr\/cours\/cours-pour-enfants\/","og_site_name":"\u00c9cole d&#039;art Pointe-Saint-Charles Art School","article_publisher":"https:\/\/www.facebook.com\/ThePointeStCharlesArtSchool","article_modified_time":"2024-08-13T15:30:59+00:00","twitter_misc":{"Dur\u00e9e de lecture estim\u00e9e":"2 minutes"},"schema":{"@context":"https:\/\/schema.org","@graph":[{"@type":"WebPage","@id":"https:\/\/pointestcharlesartschool.org\/fr\/cours\/cours-pour-enfants\/","url":"https:\/\/pointestcharlesartschool.org\/fr\/cours\/cours-pour-enfants\/","name":"Cours pour enfants et ados","isPartOf":{"@id":"https:\/\/pointestcharlesartschool.org\/#website"},"datePublished":"2015-06-25T18:45:45+00:00","dateModified":"2024-08-13T15:30:59+00:00","breadcrumb":{"@id":"https:\/\/pointestcharlesartschool.org\/fr\/cours\/cours-pour-enfants\/#breadcrumb"},"inLanguage":"fr-FR","potentialAction":[{"@type":"ReadAction","target":["https:\/\/pointestcharlesartschool.org\/fr\/cours\/cours-pour-enfants\/"]}]},{"@type":"BreadcrumbList","@id":"https:\/\/pointestcharlesartschool.org\/fr\/cours\/cours-pour-enfants\/#breadcrumb","itemListElement":[{"@type":"ListItem","position":1,"name":"Home","item":"https:\/\/pointestcharlesartschool.org\/fr\/"},{"@type":"ListItem","position":2,"name":"Les cours","item":"https:\/\/pointestcharlesartschool.org\/fr\/cours\/"},{"@type":"ListItem","position":3,"name":"Cours pour enfants et&hellip;"}]},{"@type":"WebSite","@id":"https:\/\/pointestcharlesartschool.org\/#website","url":"https:\/\/pointestcharlesartschool.org\/","name":"\u00c9cole d&#039;art Pointe-Saint-Charles Art School","description":"Art Classes and Courses in Drawing, Painting, Watercolour, sculpture and art workshops in Montreal.","publisher":{"@id":"https:\/\/pointestcharlesartschool.org\/#organization"},"potentialAction":[{"@type":"SearchAction","target":{"@type":"EntryPoint","urlTemplate":"https:\/\/pointestcharlesartschool.org\/?s={search_term_string}"},"query-input":{"@type":"PropertyValueSpecification","valueRequired":true,"valueName":"search_term_string"}}],"inLanguage":"fr-FR"},{"@type":"Organization","@id":"https:\/\/pointestcharlesartschool.org\/#organization","name":"\u00c9cole d&#039;art Pointe-Saint-Charles Art School","url":"https:\/\/pointestcharlesartschool.org\/","logo":{"@type":"ImageObject","inLanguage":"fr-FR","@id":"https:\/\/pointestcharlesartschool.org\/#\/schema\/logo\/image\/","url":"https:\/\/pointestcharlesartschool.org\/wp-content\/uploads\/2014\/09\/artschool-horizontal100h.png","contentUrl":"https:\/\/pointestcharlesartschool.org\/wp-content\/uploads\/2014\/09\/artschool-horizontal100h.png","width":257,"height":100,"caption":"\u00c9cole d&#039;art Pointe-Saint-Charles Art School"},"image":{"@id":"https:\/\/pointestcharlesartschool.org\/#\/schema\/logo\/image\/"},"sameAs":["https:\/\/www.facebook.com\/ThePointeStCharlesArtSchool","https:\/\/www.instagram.com\/pointe.st.charles.artschool\/"]}]}},"_links":{"self":[{"href":"https:\/\/pointestcharlesartschool.org\/fr\/wp-json\/wp\/v2\/pages\/3403","targetHints":{"allow":["GET"]}}],"collection":[{"href":"https:\/\/pointestcharlesartschool.org\/fr\/wp-json\/wp\/v2\/pages"}],"about":[{"href":"https:\/\/pointestcharlesartschool.org\/fr\/wp-json\/wp\/v2\/types\/page"}],"author":[{"embeddable":true,"href":"https:\/\/pointestcharlesartschool.org\/fr\/wp-json\/wp\/v2\/users\/1"}],"replies":[{"embeddable":true,"href":"https:\/\/pointestcharlesartschool.org\/fr\/wp-json\/wp\/v2\/comments?post=3403"}],"version-history":[{"count":160,"href":"https:\/\/pointestcharlesartschool.org\/fr\/wp-json\/wp\/v2\/pages\/3403\/revisions"}],"predecessor-version":[{"id":16220,"href":"https:\/\/pointestcharlesartschool.org\/fr\/wp-json\/wp\/v2\/pages\/3403\/revisions\/16220"}],"up":[{"embeddable":true,"href":"https:\/\/pointestcharlesartschool.org\/fr\/wp-json\/wp\/v2\/pages\/1309"}],"wp:attachment":[{"href":"https:\/\/pointestcharlesartschool.org\/fr\/wp-json\/wp\/v2\/media?parent=3403"}],"curies":[{"name":"wp","href":"https:\/\/api.w.org\/{rel}","templated":true}]}}